{"id":4150,"date":"2024-11-11T09:34:03","date_gmt":"2024-11-11T08:34:03","guid":{"rendered":"http:\/\/naturalfoie.com\/politique-de-confidentialite\/"},"modified":"2024-12-13T09:25:27","modified_gmt":"2024-12-13T08:25:27","slug":"politique-de-confidentialite","status":"publish","type":"page","link":"https:\/\/naturalfoie.com\/fr\/politique-de-confidentialite\/","title":{"rendered":"Politique de confidentialit\u00e9"},"content":{"rendered":"\n<p>Protection des donn\u00e9es personnelles selon le RGPD et la LOPDGDD.<\/p>\n\n<p>Diego ruiz-labourdette garau, en application de la l\u00e9gislation en vigueur en mati\u00e8re de protection des donn\u00e9es \u00e0 caract\u00e8re personnel (R\u00e8glement (UE) 2016\/679 du Parlement europ\u00e9en et du Conseil du 27 avril 2016 relatif \u00e0 la protection des personnes physiques \u00e0 l&rsquo;\u00e9gard du traitement des donn\u00e9es \u00e0 caract\u00e8re personnel et \u00e0 la libre circulation de ces donn\u00e9es, et Loi organique 3\/2018, du 5 d\u00e9cembre, relative \u00e0 la protection des donn\u00e9es \u00e0 caract\u00e8re personnel et \u00e0 la garantie des droits num\u00e9riques), informe que les donn\u00e9es \u00e0 caract\u00e8re personnel collect\u00e9es par le biais des formulaires pr\u00e9sents sur le site Web :<strong> <\/strong>www.naturalfoie.com, sont inclus dans les fichiers automatis\u00e9s sp\u00e9cifiques des utilisateurs des services de Diego Ruiz-Labourdette Garau.<\/p>\n\n<p><strong>Objectif du traitement des donn\u00e9es personnelles :<\/strong><\/p>\n\n<p><strong>\u00c0 quelle fin traiterons-nous vos donn\u00e9es personnelles ?<\/strong><\/p>\n\n<p>Diego Ruiz-Labourdette Garau traitera vos donn\u00e9es personnelles collect\u00e9es par le biais du site Web aux fins suivantes:<\/p>\n\n<ol class=\"wp-block-list\">\n<li>Dans le cas d&rsquo;un contrat portant sur les biens et services offerts par <a href=\"http:\/\/www.miweb.es\">WWW.NATURALFOIE.COM<\/a>, pour maintenir la relation contractuelle, ainsi que pour la gestion, l&rsquo;administration, l&rsquo;information, la fourniture et l&rsquo;am\u00e9lioration du service.<\/li>\n\n\n\n<li>Envoi des informations demand\u00e9es par le biais des formulaires disponibles sur <a href=\"http:\/\/www.miweb.es\">WWW.NATURALFOIE.COM<\/a>.<\/li>\n\n\n\n<li>Pour envoyer des bulletins d&rsquo;information, ainsi que des communications commerciales de promotion et\/ou de publicit\u00e9 de Diego Ruiz-Labourdette Garau et du secteur.<\/li>\n<\/ol>\n\n<p>Les donn\u00e9es personnelles fournies \u00e0 travers les formulaires du site Web sont trait\u00e9es pour la prestation des services de Diego Ruiz-Labourdette Garau, ainsi que pour l&rsquo;envoi de communications commerciales ou informatives \u00e0 travers l&rsquo;utilisation de l&rsquo;outil fourni par cette soci\u00e9t\u00e9.<strong><\/strong><\/p>\n\n<p><strong>Pendant combien de temps les donn\u00e9es personnelles collect\u00e9es sont-elles conserv\u00e9es?<\/strong><\/p>\n\n<p>Les donn\u00e9es personnelles fournies seront conserv\u00e9es aussi longtemps que la relation d&rsquo; affaires sera maintenue ou que vous ne demanderez pas leur suppression. En cas de cessation de la relation d&rsquo; affaires, les donn\u00e9es seront bloqu\u00e9es pendant la p\u00e9riode de prescription des responsabilit\u00e9s l\u00e9gales des responsabilit\u00e9s juridiques pouvant d\u00e9couler des services fournis. <\/p>\n\n<p><strong>L\u00e9gitimation :<\/strong><\/p>\n\n<p>Le traitement de vos donn\u00e9es est effectu\u00e9 sur la base des fondements juridiques suivants qui le l\u00e9gitiment :<\/p>\n\n<ol class=\"wp-block-list\">\n<li>La demande d &lsquo;information et\/ou l&rsquo;engagement des services de Diego Ruiz-Labourdette Garau, dont les conditions g\u00e9n\u00e9rales vous seront communiqu\u00e9es dans tous les cas, avant tout contrat \u00e9ventuel.<\/li>\n\n\n\n<li>Consentement libre, sp\u00e9cifique, \u00e9clair\u00e9 et sans \u00e9quivoque, dans la mesure o\u00f9 nous vous informons en mettant \u00e0 votre disposition la pr\u00e9sente politique de protection de la vie priv\u00e9e, que vous pouvez accepter, apr\u00e8s l&rsquo;avoir lue, au moyen d&rsquo;une d\u00e9claration ou d&rsquo;une action affirmative claire, par exemple en cochant une case pr\u00e9vue \u00e0 cet effet.<\/li>\n<\/ol>\n\n<p>Si vous ne nous fournissez pas vos coordonn\u00e9es ou si vous les fournissez de mani\u00e8re incorrecte ou incompl\u00e8te, nous ne pourrons pas traiter votre demande, il nous sera totalement impossible de vous fournir les informations demand\u00e9es informations demand\u00e9es ou d&rsquo;ex\u00e9cuter le contrat de services.<\/p>\n\n<p><strong>Groupe cible :<\/strong><\/p>\n\n<p>Les donn\u00e9es ne seront pas communiqu\u00e9es \u00e0 des tiers ext\u00e9rieurs \u00e0 Diego Ruiz-Labourdette Garau, sauf obligation l\u00e9gale.<\/p>\n\n<p>En tant que responsables du traitement des donn\u00e9es, nous avons fait appel aux prestataires de services suivants, qui se sont engag\u00e9s \u00e0 respecter les r\u00e9glementations applicables en mati\u00e8re de protection des donn\u00e9es au moment de la conclusion du contrat :<\/p>\n\n<ul class=\"wp-block-list\">\n<li>Diego Ruiz-Labourdette Garau, domicili\u00e9 \u00e0 C\/ ALCAL\u00c1 78. CP 28009, 50859059X (NIF), fournit des services en tant que plateforme innovante et \u00e9ducative d\u00e9di\u00e9e \u00e0 la diffusion du foie gras produit sans gavage. <\/li>\n<\/ul>\n\n<p><strong>Donn\u00e9es collect\u00e9es par les utilisateurs des services<\/strong><\/p>\n\n<p>Dans le cas o\u00f9 l&rsquo;utilisateur inclut des fichiers contenant des donn\u00e9es personnelles sur les serveurs d&rsquo;h\u00e9bergement partag\u00e9, Diego Ruiz-Labourdette Garau ne pourra \u00eatre tenu responsable du non-respect du RGPD par l&rsquo;utilisateur.<\/p>\n\n<p><strong>Conservation des donn\u00e9es conform\u00e9ment \u00e0 la LSSI<\/strong><\/p>\n\n<p>Diego Ruiz-Labourdette Garau informe qu&rsquo;en tant que fournisseur de services d&rsquo;h\u00e9bergement de donn\u00e9es et en vertu des dispositions de la loi 34\/2002 du 11 juillet sur les services de la soci\u00e9t\u00e9 de l&rsquo;information et le commerce \u00e9lectronique (LSSI), il conserve pendant une p\u00e9riode maximale de 12 mois les informations n\u00e9cessaires pour identifier l&rsquo;origine des donn\u00e9es h\u00e9berg\u00e9es et l&rsquo;heure \u00e0 laquelle le service a \u00e9t\u00e9 initi\u00e9. La conservation de ces donn\u00e9es ne porte pas atteinte au secret des communications et ne peut \u00eatre utilis\u00e9e que dans le cadre d&rsquo;une enqu\u00eate p\u00e9nale ou pour la sauvegarde de la s\u00e9curit\u00e9 publique, en \u00e9tant mise \u00e0 la disposition des juges et\/ou des tribunaux ou du minist\u00e8re qui en fait la demande. <\/p>\n\n<p><strong>Droits de propri\u00e9t\u00e9 intellectuelle www.naturalfoie.com<\/strong><\/p>\n\n<p>Diego Ruiz-Labourdette Garau est titulaire de tous les droits d&rsquo;auteur, de propri\u00e9t\u00e9 intellectuelle et industrielle, de savoir-faire et de tout autre droit li\u00e9 au contenu du site Web de Diego Ruiz-Labourdette Garau et aux services qui y sont propos\u00e9s, ainsi qu&rsquo;aux programmes n\u00e9cessaires \u00e0 sa mise en \u0153uvre et \u00e0 l&rsquo;information qui s&rsquo;y rapporte.<\/p>\n\n<p><strong>Logiciels Propri\u00e9t\u00e9 intellectuelle<\/strong><\/p>\n\n<p>L&rsquo;utilisateur doit respecter les programmes de tiers mis \u00e0 disposition par Diego Ruiz-Labourdette Garau, m\u00eame s&rsquo;ils sont gratuits et\/ou accessibles au public. Diego Ruiz-Labourdette Garau dispose des droits d&rsquo;exploitation et de propri\u00e9t\u00e9 intellectuelle n\u00e9cessaires sur les logiciels. <\/p>\n\n<p><strong>Protection des informations h\u00e9berg\u00e9es<\/strong><\/p>\n\n<p>Diego Ruiz-Labourdette Garau effectue des copies de sauvegarde des contenus h\u00e9berg\u00e9s sur ses serveurs, mais n&rsquo;est pas responsable de la perte ou de l&rsquo;effacement accidentel des donn\u00e9es par les utilisateurs. De m\u00eame, il ne garantit pas le remplacement total des donn\u00e9es supprim\u00e9es par les utilisateurs, \u00e9tant donn\u00e9 que ces donn\u00e9es peuvent avoir \u00e9t\u00e9 supprim\u00e9es et\/ou modifi\u00e9es au cours de la p\u00e9riode \u00e9coul\u00e9e depuis la derni\u00e8re sauvegarde. Le remplacement des donn\u00e9es supprim\u00e9es n&rsquo;est inclus dans le prix du service que lorsque la perte du contenu est due \u00e0 des causes imputables \u00e0 Diego Ruiz-Labourdette Garau.  <\/p>\n\n<p><strong>Communications commerciales<\/strong><\/p>\n\n<p>En application de la LSSI, Diego Ruiz-Labourdette Garau n&rsquo;enverra pas de communications publicitaires ou promotionnelles par info@naturalfoie.com ou tout autre moyen \u00e9quivalent de communication \u00e9lectronique qui n&rsquo;ont pas \u00e9t\u00e9 pr\u00e9alablement demand\u00e9es ou express\u00e9ment autoris\u00e9es par les destinataires de celles-ci. Dans le cas d&rsquo;utilisateurs avec lesquels il existe une relation contractuelle pr\u00e9alable, Diego Ruiz-Labourdette Garau est autoris\u00e9 \u00e0 envoyer des communications commerciales concernant des produits ou des services similaires \u00e0 ceux initialement contract\u00e9s par le client. <\/p>\n","protected":false},"excerpt":{"rendered":"<p>Protection des donn\u00e9es personnelles selon le RGPD et la LOPDGDD. Diego ruiz-labourdette garau, en application de la l\u00e9gislation en vigueur en mati\u00e8re de protection des donn\u00e9es \u00e0 caract\u00e8re personnel (R\u00e8glement (UE) 2016\/679 du Parlement europ\u00e9en et du Conseil du 27 avril 2016 relatif \u00e0 la protection des personnes physiques \u00e0 l&rsquo;\u00e9gard du traitement des donn\u00e9es<\/p>\n<p class=\"more-link-wrapper\"><a class=\"btn btn-primary\" href=\"https:\/\/naturalfoie.com\/fr\/politique-de-confidentialite\/\">Read More<\/a><\/p>\n","protected":false},"author":3,"featured_media":0,"parent":0,"menu_order":0,"comment_status":"closed","ping_status":"open","template":"","meta":{"_acf_changed":false,"footnotes":""},"class_list":["post-4150","page","type-page","status-publish","hentry"],"acf":[],"yoast_head":"<!-- This site is optimized with the Yoast SEO plugin v26.8 - https:\/\/yoast.com\/product\/yoast-seo-wordpress\/ -->\n<title>Politique de confidentialit\u00e9 - Natural Foie - Informations juridiques et r\u00e9glementaires<\/title>\n<meta name=\"description\" content=\"D\u00e9couvrez comment Natural Foie prot\u00e8ge et g\u00e8re vos donn\u00e9es personnelles pour garantir votre s\u00e9curit\u00e9 et votre confidentialit\u00e9.\" \/>\n<meta name=\"robots\" content=\"noindex, follow\" \/>\n<meta property=\"og:locale\" content=\"fr_FR\" \/>\n<meta property=\"og:type\" content=\"article\" \/>\n<meta property=\"og:title\" content=\"Politique de confidentialit\u00e9 - Natural Foie - Informations juridiques et r\u00e9glementaires\" \/>\n<meta property=\"og:description\" content=\"D\u00e9couvrez comment Natural Foie prot\u00e8ge et g\u00e8re vos donn\u00e9es personnelles pour garantir votre s\u00e9curit\u00e9 et votre confidentialit\u00e9.\" \/>\n<meta property=\"og:url\" content=\"https:\/\/naturalfoie.com\/privacy-policy\/\" \/>\n<meta property=\"og:site_name\" content=\"Natural Foie\" \/>\n<meta property=\"article:modified_time\" content=\"2024-12-13T08:25:27+00:00\" \/>\n<meta name=\"twitter:card\" content=\"summary_large_image\" \/>\n<meta name=\"twitter:label1\" content=\"Dur\u00e9e de lecture estim\u00e9e\" \/>\n\t<meta name=\"twitter:data1\" content=\"5 minutes\" \/>\n<script type=\"application\/ld+json\" class=\"yoast-schema-graph\">{\"@context\":\"https:\/\/schema.org\",\"@graph\":[{\"@type\":\"WebPage\",\"@id\":\"https:\/\/naturalfoie.com\/privacy-policy\/\",\"url\":\"https:\/\/naturalfoie.com\/privacy-policy\/\",\"name\":\"Politique de confidentialit\u00e9 - Natural Foie - Informations juridiques et r\u00e9glementaires\",\"isPartOf\":{\"@id\":\"https:\/\/naturalfoie.com\/#website\"},\"datePublished\":\"2024-11-11T08:34:03+00:00\",\"dateModified\":\"2024-12-13T08:25:27+00:00\",\"description\":\"D\u00e9couvrez comment Natural Foie prot\u00e8ge et g\u00e8re vos donn\u00e9es personnelles pour garantir votre s\u00e9curit\u00e9 et votre confidentialit\u00e9.\",\"breadcrumb\":{\"@id\":\"https:\/\/naturalfoie.com\/privacy-policy\/#breadcrumb\"},\"inLanguage\":\"fr-FR\",\"potentialAction\":[{\"@type\":\"ReadAction\",\"target\":[\"https:\/\/naturalfoie.com\/privacy-policy\/\"]}]},{\"@type\":\"BreadcrumbList\",\"@id\":\"https:\/\/naturalfoie.com\/privacy-policy\/#breadcrumb\",\"itemListElement\":[{\"@type\":\"ListItem\",\"position\":1,\"name\":\"Portada\",\"item\":\"https:\/\/naturalfoie.com\/fr\/\"},{\"@type\":\"ListItem\",\"position\":2,\"name\":\"Politique de confidentialit\u00e9\"}]},{\"@type\":\"WebSite\",\"@id\":\"https:\/\/naturalfoie.com\/#website\",\"url\":\"https:\/\/naturalfoie.com\/\",\"name\":\"Natural Foie\",\"description\":\"Plataforma de difusi\u00f3n del foie sin alimentaci\u00f3n forzada. \u00danete a nosotros.\",\"publisher\":{\"@id\":\"https:\/\/naturalfoie.com\/#organization\"},\"potentialAction\":[{\"@type\":\"SearchAction\",\"target\":{\"@type\":\"EntryPoint\",\"urlTemplate\":\"https:\/\/naturalfoie.com\/?s={search_term_string}\"},\"query-input\":{\"@type\":\"PropertyValueSpecification\",\"valueRequired\":true,\"valueName\":\"search_term_string\"}}],\"inLanguage\":\"fr-FR\"},{\"@type\":\"Organization\",\"@id\":\"https:\/\/naturalfoie.com\/#organization\",\"name\":\"Natural Foie\",\"url\":\"https:\/\/naturalfoie.com\/\",\"logo\":{\"@type\":\"ImageObject\",\"inLanguage\":\"fr-FR\",\"@id\":\"https:\/\/naturalfoie.com\/#\/schema\/logo\/image\/\",\"url\":\"https:\/\/naturalfoie.com\/wp-content\/uploads\/2024\/11\/logo-natural-foie_NEGRO.jpg\",\"contentUrl\":\"https:\/\/naturalfoie.com\/wp-content\/uploads\/2024\/11\/logo-natural-foie_NEGRO.jpg\",\"width\":1500,\"height\":232,\"caption\":\"Natural Foie\"},\"image\":{\"@id\":\"https:\/\/naturalfoie.com\/#\/schema\/logo\/image\/\"},\"sameAs\":[\"https:\/\/www.instagram.com\/natural.foie\/\"]}]}<\/script>\n<!-- \/ Yoast SEO plugin. -->","yoast_head_json":{"title":"Politique de confidentialit\u00e9 - Natural Foie - Informations juridiques et r\u00e9glementaires","description":"D\u00e9couvrez comment Natural Foie prot\u00e8ge et g\u00e8re vos donn\u00e9es personnelles pour garantir votre s\u00e9curit\u00e9 et votre confidentialit\u00e9.","robots":{"index":"noindex","follow":"follow"},"og_locale":"fr_FR","og_type":"article","og_title":"Politique de confidentialit\u00e9 - Natural Foie - Informations juridiques et r\u00e9glementaires","og_description":"D\u00e9couvrez comment Natural Foie prot\u00e8ge et g\u00e8re vos donn\u00e9es personnelles pour garantir votre s\u00e9curit\u00e9 et votre confidentialit\u00e9.","og_url":"https:\/\/naturalfoie.com\/privacy-policy\/","og_site_name":"Natural Foie","article_modified_time":"2024-12-13T08:25:27+00:00","twitter_card":"summary_large_image","twitter_misc":{"Dur\u00e9e de lecture estim\u00e9e":"5 minutes"},"schema":{"@context":"https:\/\/schema.org","@graph":[{"@type":"WebPage","@id":"https:\/\/naturalfoie.com\/privacy-policy\/","url":"https:\/\/naturalfoie.com\/privacy-policy\/","name":"Politique de confidentialit\u00e9 - Natural Foie - Informations juridiques et r\u00e9glementaires","isPartOf":{"@id":"https:\/\/naturalfoie.com\/#website"},"datePublished":"2024-11-11T08:34:03+00:00","dateModified":"2024-12-13T08:25:27+00:00","description":"D\u00e9couvrez comment Natural Foie prot\u00e8ge et g\u00e8re vos donn\u00e9es personnelles pour garantir votre s\u00e9curit\u00e9 et votre confidentialit\u00e9.","breadcrumb":{"@id":"https:\/\/naturalfoie.com\/privacy-policy\/#breadcrumb"},"inLanguage":"fr-FR","potentialAction":[{"@type":"ReadAction","target":["https:\/\/naturalfoie.com\/privacy-policy\/"]}]},{"@type":"BreadcrumbList","@id":"https:\/\/naturalfoie.com\/privacy-policy\/#breadcrumb","itemListElement":[{"@type":"ListItem","position":1,"name":"Portada","item":"https:\/\/naturalfoie.com\/fr\/"},{"@type":"ListItem","position":2,"name":"Politique de confidentialit\u00e9"}]},{"@type":"WebSite","@id":"https:\/\/naturalfoie.com\/#website","url":"https:\/\/naturalfoie.com\/","name":"Natural Foie","description":"Plataforma de difusi\u00f3n del foie sin alimentaci\u00f3n forzada. \u00danete a nosotros.","publisher":{"@id":"https:\/\/naturalfoie.com\/#organization"},"potentialAction":[{"@type":"SearchAction","target":{"@type":"EntryPoint","urlTemplate":"https:\/\/naturalfoie.com\/?s={search_term_string}"},"query-input":{"@type":"PropertyValueSpecification","valueRequired":true,"valueName":"search_term_string"}}],"inLanguage":"fr-FR"},{"@type":"Organization","@id":"https:\/\/naturalfoie.com\/#organization","name":"Natural Foie","url":"https:\/\/naturalfoie.com\/","logo":{"@type":"ImageObject","inLanguage":"fr-FR","@id":"https:\/\/naturalfoie.com\/#\/schema\/logo\/image\/","url":"https:\/\/naturalfoie.com\/wp-content\/uploads\/2024\/11\/logo-natural-foie_NEGRO.jpg","contentUrl":"https:\/\/naturalfoie.com\/wp-content\/uploads\/2024\/11\/logo-natural-foie_NEGRO.jpg","width":1500,"height":232,"caption":"Natural Foie"},"image":{"@id":"https:\/\/naturalfoie.com\/#\/schema\/logo\/image\/"},"sameAs":["https:\/\/www.instagram.com\/natural.foie\/"]}]}},"_links":{"self":[{"href":"https:\/\/naturalfoie.com\/fr\/wp-json\/wp\/v2\/pages\/4150","targetHints":{"allow":["GET"]}}],"collection":[{"href":"https:\/\/naturalfoie.com\/fr\/wp-json\/wp\/v2\/pages"}],"about":[{"href":"https:\/\/naturalfoie.com\/fr\/wp-json\/wp\/v2\/types\/page"}],"author":[{"embeddable":true,"href":"https:\/\/naturalfoie.com\/fr\/wp-json\/wp\/v2\/users\/3"}],"replies":[{"embeddable":true,"href":"https:\/\/naturalfoie.com\/fr\/wp-json\/wp\/v2\/comments?post=4150"}],"version-history":[{"count":0,"href":"https:\/\/naturalfoie.com\/fr\/wp-json\/wp\/v2\/pages\/4150\/revisions"}],"wp:attachment":[{"href":"https:\/\/naturalfoie.com\/fr\/wp-json\/wp\/v2\/media?parent=4150"}],"curies":[{"name":"wp","href":"https:\/\/api.w.org\/{rel}","templated":true}]}}