{"id":4148,"date":"2024-11-12T16:31:27","date_gmt":"2024-11-12T15:31:27","guid":{"rendered":"http:\/\/naturalfoie.com\/politique-en-matiere-de-cookies\/"},"modified":"2024-12-13T09:20:07","modified_gmt":"2024-12-13T08:20:07","slug":"politique-en-matiere-de-cookies","status":"publish","type":"page","link":"https:\/\/naturalfoie.com\/fr\/politique-en-matiere-de-cookies\/","title":{"rendered":"Politique en mati\u00e8re de cookies"},"content":{"rendered":"\n<p>DIEGO RUIZ-LABOURDETTE GARAU informe de l&rsquo;utilisation de cookies sur son site web :<\/p>\n\n<p><strong>Acceptation et consentement explicite des cookies<\/strong>: Ce site web utilise des cookies pour garantir une meilleure exp\u00e9rience utilisateur. Une banni\u00e8re s&rsquo;affichera pour demander le consentement de l&rsquo; utilisateur avant d&rsquo;installer des cookies inutiles sur son appareil, conform\u00e9ment \u00e0 la r\u00e9glementation sur le consentement explicite du GDPR. En acceptant les cookies, l &lsquo; utilisateur consent express\u00e9ment \u00e0 l&rsquo; utilisation de ces cookies dans les conditions pr\u00e9vues par la pr\u00e9sente politique.  <\/p>\n\n<p><strong>Qu&rsquo;est-ce qu&rsquo;un biscuit ?<\/strong><\/p>\n\n<p>Les cookies sont des fichiers qui peuvent \u00eatre t\u00e9l\u00e9charg\u00e9s sur votre ordinateur par des sites web. Ce sont des outils qui jouent un r\u00f4le essentiel dans la fourniture de nombreux services de la soci\u00e9t\u00e9 de l&rsquo; information. Ils permettent notamment, permettent \u00e0 un site web de stocker et de r\u00e9cup\u00e9rer des informations sur les habitudes de navigation d&rsquo;un utilisateur ou sur son \u00e9quipement et, en fonction des informations obtenues, peuvent \u00eatre utilis\u00e9es pour reconna\u00eetre l&rsquo; utilisateur et am\u00e9liorer le service offert.  <\/p>\n\n<p><strong>Types de cookies<\/strong><\/p>\n\n<p>En fonction de l&rsquo; entit\u00e9 qui g\u00e8re le domaine \u00e0 partir duquel les cookies sont envoy\u00e9s et qui traite les donn\u00e9es obtenues, on peut distinguer deux types de cookies les cookies sont envoy\u00e9s et traite les donn\u00e9es obtenues, on distingue deux types :<\/p>\n\n<ul class=\"wp-block-list\">\n<li>Cookies propres : ceux qui sont envoy\u00e9s \u00e0 l&rsquo;\u00e9quipement terminal de l&rsquo;utilisateur \u00e0 partir d&rsquo;un ordinateur ou d&rsquo;un domaine g\u00e9r\u00e9 par l&rsquo;\u00e9diteur lui-m\u00eame et \u00e0 partir duquel le service demand\u00e9 par l&rsquo;utilisateur est fourni.<\/li>\n\n\n\n<li>Cookies de tiers (Google Analytics et Ads) : ils sont utilis\u00e9s pour conna\u00eetre le niveau de r\u00e9currence des visiteurs et les contenus les plus int\u00e9ressants, pour am\u00e9liorer les zones les plus visit\u00e9es et faciliter la recherche de l&rsquo;utilisateur. Ces informations sont obtenues par le biais de calculs statistiques sur des donn\u00e9es anonymes. Pour plus de d\u00e9tails, veuillez consulter notre politique de confidentialit\u00e9 au lien suivant.  <\/li>\n<\/ul>\n\n<p>En outre, il existe des cookies de session et des cookies persistants :<\/p>\n\n<ul class=\"wp-block-list\">\n<li>Cookies de session : con\u00e7us pour collecter et stocker des donn\u00e9es pendant que l&rsquo;utilisateur acc\u00e8de \u00e0 un site web. Ils sont g\u00e9n\u00e9ralement utilis\u00e9s pour stocker des informations qui ne doivent \u00eatre conserv\u00e9es que pour la fourniture du service demand\u00e9 par l&rsquo;utilisateur en une seule occasion (par exemple, une liste de produits achet\u00e9s). <\/li>\n\n\n\n<li>Cookies persistants : Les donn\u00e9es restent stock\u00e9es dans le terminal et peuvent \u00eatre consult\u00e9es et trait\u00e9es pendant une p\u00e9riode d\u00e9finie par le responsable du cookie, qui peut aller de quelques minutes \u00e0 plusieurs ann\u00e9es.<\/li>\n<\/ul>\n\n<p>Enfin, il existe une autre classification avec six types de cookies en fonction de la finalit\u00e9 du traitement des donn\u00e9es obtenues :<\/p>\n\n<ul class=\"wp-block-list\">\n<li>Cookies techniques : ceux qui permettent \u00e0 l&rsquo;utilisateur de naviguer sur un site web, une plateforme ou une application et d&rsquo;utiliser les diff\u00e9rentes options ou services qui y existent, comme par exemple le contr\u00f4le du trafic et de la communication des donn\u00e9es, l&rsquo;identification de la session, l&rsquo;acc\u00e8s \u00e0 des zones d&rsquo;acc\u00e8s restreint, la m\u00e9morisation des \u00e9l\u00e9ments qui composent une commande, la r\u00e9alisation du processus d&rsquo;achat d&rsquo;une commande, la r\u00e9alisation d&rsquo;une demande d&rsquo;inscription ou de participation \u00e0 un \u00e9v\u00e9nement, l&rsquo;utilisation d&rsquo;\u00e9l\u00e9ments de s\u00e9curit\u00e9 pendant la navigation, le stockage de contenus pour la diffusion de vid\u00e9os ou de sons ou le partage de contenus \u00e0 travers les r\u00e9seaux sociaux.<\/li>\n\n\n\n<li>Cookies de personnalisation : ils permettent \u00e0 l&rsquo;utilisateur d&rsquo;acc\u00e9der au service avec des caract\u00e9ristiques g\u00e9n\u00e9rales pr\u00e9d\u00e9finies en fonction d&rsquo;une s\u00e9rie de crit\u00e8res pr\u00e9sents dans le terminal de l&rsquo;utilisateur, tels que la langue, le type de navigateur utilis\u00e9 pour acc\u00e9der au service, la configuration r\u00e9gionale \u00e0 partir de laquelle on acc\u00e8de au service, etc.<\/li>\n\n\n\n<li>Cookies d&rsquo;analyse : ils permettent au responsable de surveiller et d&rsquo;analyser le comportement des utilisateurs des sites web auxquels ils sont li\u00e9s. Les informations collect\u00e9es par ce type de cookies sont utilis\u00e9es pour mesurer l&rsquo;activit\u00e9 des sites web, de l&rsquo;application ou de la plateforme et pour l&rsquo;\u00e9laboration de profils de navigation des utilisateurs de ces sites, applications et plateformes, afin d&rsquo;introduire des am\u00e9liorations bas\u00e9es sur l&rsquo;analyse des donn\u00e9es d&rsquo;utilisation des utilisateurs du service. <\/li>\n\n\n\n<li>Cookies publicitaires : ils permettent de g\u00e9rer, de la mani\u00e8re la plus efficace possible, les espaces publicitaires.<\/li>\n\n\n\n<li>Cookies de publicit\u00e9 comportementale : ils stockent des informations sur le comportement de l&rsquo;utilisateur obtenues gr\u00e2ce \u00e0 l&rsquo;observation continue de ses habitudes de navigation, ce qui permet de d\u00e9velopper un profil sp\u00e9cifique afin d&rsquo;afficher de la publicit\u00e9 en fonction de ce profil.<\/li>\n\n\n\n<li>Cookies de r\u00e9seaux sociaux externes : ils sont utilis\u00e9s pour permettre aux visiteurs d&rsquo;interagir avec le contenu de diff\u00e9rentes plateformes sociales (facebook, youtube, twitter, linkedIn, etc.) et ne sont g\u00e9n\u00e9r\u00e9s que pour les utilisateurs de ces r\u00e9seaux sociaux. Les conditions d&rsquo;utilisation de ces cookies et les informations collect\u00e9es sont r\u00e9gies par la politique de confidentialit\u00e9 de la plateforme sociale correspondante. <\/li>\n<\/ul>\n\n<p><strong>D\u00e9sactivation et suppression des cookies<\/strong><\/p>\n\n<p>Vous avez la possibilit\u00e9 d&rsquo;autoriser, de bloquer ou de supprimer les cookies install\u00e9s sur votre ordinateur en configurant les options du navigateur install\u00e9 sur votre ordinateur. En d\u00e9sactivant les cookies, il se peut que certains des services disponibles ne soient plus op\u00e9rationnels. La mani\u00e8re de d\u00e9sactiver les cookies est diff\u00e9rente pour chaque navigateur, mais peut g\u00e9n\u00e9ralement \u00eatre effectu\u00e9e \u00e0 partir du menu Outils ou Options. Vous pouvez \u00e9galement consulter le menu d&rsquo;aide du navigateur o\u00f9 vous trouverez des instructions. L&rsquo;utilisateur peut \u00e0 tout moment choisir les cookies qu&rsquo;il souhaite utiliser sur ce site web.    <\/p>\n\n<p>Vous pouvez autoriser, bloquer ou supprimer les cookies install\u00e9s sur votre ordinateur en configurant les options du navigateur install\u00e9 sur votre ordinateur :<\/p>\n\n<ul class=\"wp-block-list\">\n<li>Microsoft Internet Explorer o Microsoft Edge: <a href=\"http:\/\/windows.microsoft.com\/es-es\/windows-vista\/Block-or-allow-cookies\">http:\/\/windows.microsoft.com\/es-es\/windows-vista\/Block-or-allow-cookies<\/a><\/li>\n\n\n\n<li>Mozilla Firefox: <a href=\"http:\/\/support.mozilla.org\/es\/kb\/impedir-que-los-sitios-web-guarden-sus-preferencia\">http:\/\/support.mozilla.org\/es\/kb\/impedir-que-los-sitios-web-guarden-sus-preferencia<\/a><\/li>\n\n\n\n<li>Chrome: <a href=\"https:\/\/support.google.com\/accounts\/answer\/61416?hl=es\">https:\/\/support.google.com\/accounts\/answer\/61416?hl=es<\/a><\/li>\n\n\n\n<li>Safari: <a href=\"http:\/\/safari.helpmax.net\/es\/privacidad-y-seguridad\/como-gestionar-las-cookies\/\">http:\/\/safari.helpmax.net\/es\/privacidad-y-seguridad\/como-gestionar-las-cookies\/<\/a><\/li>\n\n\n\n<li>Opera: <a href=\"http:\/\/help.opera.com\/Linux\/10.60\/es-ES\/cookies.html\">http:\/\/help.opera.com\/Linux\/10.60\/es-ES\/cookies.html<\/a><\/li>\n<\/ul>\n\n<p>En outre, vous pouvez \u00e9galement g\u00e9rer le stockage des cookies dans votre navigateur \u00e0 l&rsquo;aide d&rsquo; outils tels que les suivants<\/p>\n\n<ul class=\"wp-block-list\">\n<li>Ghostery: <a href=\"http:\/\/www.ghostery.com\/\">www.ghostery.com\/<\/a><\/li>\n\n\n\n<li>Your Online Choices: www.youronlinechoices.com\/es\/<\/li>\n<\/ul>\n\n<p><strong>Cookies utilis\u00e9s sur <\/strong><a href=\"http:\/\/www.miweb.es\">www.naturalfoie.com<\/a><\/p>\n\n<p>Les cookies utilis\u00e9s sur ce site web, ainsi que leur type et leur fonction, sont identifi\u00e9s ci-dessous:<\/p>\n\n<p><strong>Acceptation de la politique en mati\u00e8re de cookies<\/strong><\/p>\n\n<p>Il suppose que vous acceptez l&rsquo;utilisation de cookies. Toutefois, il affiche des informations sur sa politique en mati\u00e8re de cookies en bas ou en haut de n&rsquo;importe quelle page du site \u00e0 chaque connexion afin que vous en preniez connaissance. <\/p>\n\n<p>Compte tenu de ces informations, les actions suivantes sont possibles:<\/p>\n\n<ul class=\"wp-block-list\">\n<li>Accepter les cookies : Cet avis ne s &lsquo;affichera plus lors de l&rsquo;acc\u00e8s \u00e0 n&rsquo;importe quelle page du portail pendant la session en cours.<\/li>\n\n\n\n<li>Fermer : La banni\u00e8re est cach\u00e9e sur cette page.<\/li>\n\n\n\n<li>Modifier votre configuration : Vous pouvez obtenir plus d&rsquo;informations sur ce que sont les cookies, conna\u00eetre la politique en mati\u00e8re de cookies de : et modifier la configuration de votre navigateur.<\/li>\n<\/ul>\n","protected":false},"excerpt":{"rendered":"<p>DIEGO RUIZ-LABOURDETTE GARAU informe de l&rsquo;utilisation de cookies sur son site web : Acceptation et consentement explicite des cookies: Ce site web utilise des cookies pour garantir une meilleure exp\u00e9rience utilisateur. Une banni\u00e8re s&rsquo;affichera pour demander le consentement de l&rsquo; utilisateur avant d&rsquo;installer des cookies inutiles sur son appareil, conform\u00e9ment \u00e0 la r\u00e9glementation sur le<\/p>\n<p class=\"more-link-wrapper\"><a class=\"btn btn-primary\" href=\"https:\/\/naturalfoie.com\/fr\/politique-en-matiere-de-cookies\/\">Read More<\/a><\/p>\n","protected":false},"author":3,"featured_media":0,"parent":0,"menu_order":0,"comment_status":"closed","ping_status":"closed","template":"","meta":{"_acf_changed":false,"footnotes":""},"class_list":["post-4148","page","type-page","status-publish","hentry"],"acf":[],"yoast_head":"<!-- This site is optimized with the Yoast SEO plugin v26.8 - https:\/\/yoast.com\/product\/yoast-seo-wordpress\/ -->\n<title>Politique en mati\u00e8re de cookies - Natural Foie - Informations juridiques et r\u00e9glementaires<\/title>\n<meta name=\"description\" content=\"Consultez notre politique en mati\u00e8re de cookies et la fa\u00e7on dont leur utilisation optimise votre exp\u00e9rience de navigation sur Natural Foie.\" \/>\n<meta name=\"robots\" content=\"noindex, follow\" \/>\n<meta property=\"og:locale\" content=\"fr_FR\" \/>\n<meta property=\"og:type\" content=\"article\" \/>\n<meta property=\"og:title\" content=\"Politique en mati\u00e8re de cookies - Natural Foie - Informations juridiques et r\u00e9glementaires\" \/>\n<meta property=\"og:description\" content=\"Consultez notre politique en mati\u00e8re de cookies et la fa\u00e7on dont leur utilisation optimise votre exp\u00e9rience de navigation sur Natural Foie.\" \/>\n<meta property=\"og:url\" content=\"https:\/\/naturalfoie.com\/cookies-policy\/\" \/>\n<meta property=\"og:site_name\" content=\"Natural Foie\" \/>\n<meta property=\"article:modified_time\" content=\"2024-12-13T08:20:07+00:00\" \/>\n<meta name=\"twitter:card\" content=\"summary_large_image\" \/>\n<meta name=\"twitter:label1\" content=\"Dur\u00e9e de lecture estim\u00e9e\" \/>\n\t<meta name=\"twitter:data1\" content=\"6 minutes\" \/>\n<script type=\"application\/ld+json\" class=\"yoast-schema-graph\">{\"@context\":\"https:\/\/schema.org\",\"@graph\":[{\"@type\":\"WebPage\",\"@id\":\"https:\/\/naturalfoie.com\/cookies-policy\/\",\"url\":\"https:\/\/naturalfoie.com\/cookies-policy\/\",\"name\":\"Politique en mati\u00e8re de cookies - Natural Foie - Informations juridiques et r\u00e9glementaires\",\"isPartOf\":{\"@id\":\"https:\/\/naturalfoie.com\/#website\"},\"datePublished\":\"2024-11-12T15:31:27+00:00\",\"dateModified\":\"2024-12-13T08:20:07+00:00\",\"description\":\"Consultez notre politique en mati\u00e8re de cookies et la fa\u00e7on dont leur utilisation optimise votre exp\u00e9rience de navigation sur Natural Foie.\",\"breadcrumb\":{\"@id\":\"https:\/\/naturalfoie.com\/cookies-policy\/#breadcrumb\"},\"inLanguage\":\"fr-FR\",\"potentialAction\":[{\"@type\":\"ReadAction\",\"target\":[\"https:\/\/naturalfoie.com\/cookies-policy\/\"]}]},{\"@type\":\"BreadcrumbList\",\"@id\":\"https:\/\/naturalfoie.com\/cookies-policy\/#breadcrumb\",\"itemListElement\":[{\"@type\":\"ListItem\",\"position\":1,\"name\":\"Portada\",\"item\":\"https:\/\/naturalfoie.com\/fr\/\"},{\"@type\":\"ListItem\",\"position\":2,\"name\":\"Politique en mati\u00e8re de cookies\"}]},{\"@type\":\"WebSite\",\"@id\":\"https:\/\/naturalfoie.com\/#website\",\"url\":\"https:\/\/naturalfoie.com\/\",\"name\":\"Natural Foie\",\"description\":\"Plataforma de difusi\u00f3n del foie sin alimentaci\u00f3n forzada. \u00danete a nosotros.\",\"publisher\":{\"@id\":\"https:\/\/naturalfoie.com\/#organization\"},\"potentialAction\":[{\"@type\":\"SearchAction\",\"target\":{\"@type\":\"EntryPoint\",\"urlTemplate\":\"https:\/\/naturalfoie.com\/?s={search_term_string}\"},\"query-input\":{\"@type\":\"PropertyValueSpecification\",\"valueRequired\":true,\"valueName\":\"search_term_string\"}}],\"inLanguage\":\"fr-FR\"},{\"@type\":\"Organization\",\"@id\":\"https:\/\/naturalfoie.com\/#organization\",\"name\":\"Natural Foie\",\"url\":\"https:\/\/naturalfoie.com\/\",\"logo\":{\"@type\":\"ImageObject\",\"inLanguage\":\"fr-FR\",\"@id\":\"https:\/\/naturalfoie.com\/#\/schema\/logo\/image\/\",\"url\":\"https:\/\/naturalfoie.com\/wp-content\/uploads\/2024\/11\/logo-natural-foie_NEGRO.jpg\",\"contentUrl\":\"https:\/\/naturalfoie.com\/wp-content\/uploads\/2024\/11\/logo-natural-foie_NEGRO.jpg\",\"width\":1500,\"height\":232,\"caption\":\"Natural Foie\"},\"image\":{\"@id\":\"https:\/\/naturalfoie.com\/#\/schema\/logo\/image\/\"},\"sameAs\":[\"https:\/\/www.instagram.com\/natural.foie\/\"]}]}<\/script>\n<!-- \/ Yoast SEO plugin. -->","yoast_head_json":{"title":"Politique en mati\u00e8re de cookies - Natural Foie - Informations juridiques et r\u00e9glementaires","description":"Consultez notre politique en mati\u00e8re de cookies et la fa\u00e7on dont leur utilisation optimise votre exp\u00e9rience de navigation sur Natural Foie.","robots":{"index":"noindex","follow":"follow"},"og_locale":"fr_FR","og_type":"article","og_title":"Politique en mati\u00e8re de cookies - Natural Foie - Informations juridiques et r\u00e9glementaires","og_description":"Consultez notre politique en mati\u00e8re de cookies et la fa\u00e7on dont leur utilisation optimise votre exp\u00e9rience de navigation sur Natural Foie.","og_url":"https:\/\/naturalfoie.com\/cookies-policy\/","og_site_name":"Natural Foie","article_modified_time":"2024-12-13T08:20:07+00:00","twitter_card":"summary_large_image","twitter_misc":{"Dur\u00e9e de lecture estim\u00e9e":"6 minutes"},"schema":{"@context":"https:\/\/schema.org","@graph":[{"@type":"WebPage","@id":"https:\/\/naturalfoie.com\/cookies-policy\/","url":"https:\/\/naturalfoie.com\/cookies-policy\/","name":"Politique en mati\u00e8re de cookies - Natural Foie - Informations juridiques et r\u00e9glementaires","isPartOf":{"@id":"https:\/\/naturalfoie.com\/#website"},"datePublished":"2024-11-12T15:31:27+00:00","dateModified":"2024-12-13T08:20:07+00:00","description":"Consultez notre politique en mati\u00e8re de cookies et la fa\u00e7on dont leur utilisation optimise votre exp\u00e9rience de navigation sur Natural Foie.","breadcrumb":{"@id":"https:\/\/naturalfoie.com\/cookies-policy\/#breadcrumb"},"inLanguage":"fr-FR","potentialAction":[{"@type":"ReadAction","target":["https:\/\/naturalfoie.com\/cookies-policy\/"]}]},{"@type":"BreadcrumbList","@id":"https:\/\/naturalfoie.com\/cookies-policy\/#breadcrumb","itemListElement":[{"@type":"ListItem","position":1,"name":"Portada","item":"https:\/\/naturalfoie.com\/fr\/"},{"@type":"ListItem","position":2,"name":"Politique en mati\u00e8re de cookies"}]},{"@type":"WebSite","@id":"https:\/\/naturalfoie.com\/#website","url":"https:\/\/naturalfoie.com\/","name":"Natural Foie","description":"Plataforma de difusi\u00f3n del foie sin alimentaci\u00f3n forzada. \u00danete a nosotros.","publisher":{"@id":"https:\/\/naturalfoie.com\/#organization"},"potentialAction":[{"@type":"SearchAction","target":{"@type":"EntryPoint","urlTemplate":"https:\/\/naturalfoie.com\/?s={search_term_string}"},"query-input":{"@type":"PropertyValueSpecification","valueRequired":true,"valueName":"search_term_string"}}],"inLanguage":"fr-FR"},{"@type":"Organization","@id":"https:\/\/naturalfoie.com\/#organization","name":"Natural Foie","url":"https:\/\/naturalfoie.com\/","logo":{"@type":"ImageObject","inLanguage":"fr-FR","@id":"https:\/\/naturalfoie.com\/#\/schema\/logo\/image\/","url":"https:\/\/naturalfoie.com\/wp-content\/uploads\/2024\/11\/logo-natural-foie_NEGRO.jpg","contentUrl":"https:\/\/naturalfoie.com\/wp-content\/uploads\/2024\/11\/logo-natural-foie_NEGRO.jpg","width":1500,"height":232,"caption":"Natural Foie"},"image":{"@id":"https:\/\/naturalfoie.com\/#\/schema\/logo\/image\/"},"sameAs":["https:\/\/www.instagram.com\/natural.foie\/"]}]}},"_links":{"self":[{"href":"https:\/\/naturalfoie.com\/fr\/wp-json\/wp\/v2\/pages\/4148","targetHints":{"allow":["GET"]}}],"collection":[{"href":"https:\/\/naturalfoie.com\/fr\/wp-json\/wp\/v2\/pages"}],"about":[{"href":"https:\/\/naturalfoie.com\/fr\/wp-json\/wp\/v2\/types\/page"}],"author":[{"embeddable":true,"href":"https:\/\/naturalfoie.com\/fr\/wp-json\/wp\/v2\/users\/3"}],"replies":[{"embeddable":true,"href":"https:\/\/naturalfoie.com\/fr\/wp-json\/wp\/v2\/comments?post=4148"}],"version-history":[{"count":0,"href":"https:\/\/naturalfoie.com\/fr\/wp-json\/wp\/v2\/pages\/4148\/revisions"}],"wp:attachment":[{"href":"https:\/\/naturalfoie.com\/fr\/wp-json\/wp\/v2\/media?parent=4148"}],"curies":[{"name":"wp","href":"https:\/\/api.w.org\/{rel}","templated":true}]}}