{"id":4146,"date":"2024-11-12T16:32:12","date_gmt":"2024-11-12T15:32:12","guid":{"rendered":"http:\/\/naturalfoie.com\/avis-juridique\/"},"modified":"2024-12-13T09:15:39","modified_gmt":"2024-12-13T08:15:39","slug":"avis-juridique","status":"publish","type":"page","link":"https:\/\/naturalfoie.com\/fr\/avis-juridique\/","title":{"rendered":"Avis juridique"},"content":{"rendered":"\n<p>DIEGO RUIZ-LABOURDETTE GARAU, avec 50859059X (NIF), adresse C\/ ALCAL\u00c1 78. CP 28009, ne peut assumer aucune responsabilit\u00e9 d\u00e9riv\u00e9e de l&rsquo;utilisation incorrecte, inappropri\u00e9e ou illicite de l&rsquo;information apparaissant sur les pages Internet de <a href=\"http:\/\/www.miweb.es\">www.naturalfoie.com<\/a>. <\/p>\n\n<p><strong>Responsabilit\u00e9 des liens externes<\/strong>:<\/p>\n\n<p>Les pages Internet de <a href=\"http:\/\/www.miweb.es\">www.naturalfoie.com<\/a> peuvent contenir des liens vers des sites tiers. <a href=\"http:\/\/www.miweb.es\">www.naturalfoie.com<\/a> n&rsquo; est pas responsable du contenu de ces sites externes ni de leur politique en mati\u00e8re de confidentialit\u00e9 et de cookies. Vous acc\u00e9dez \u00e0 ces sites \u00e0 vos propres risques et devez prendre connaissance des conditions d&rsquo;utilisation des sites li\u00e9s. v\u00e9rifier les conditions d&rsquo; utilisation des sites li\u00e9s. <\/p>\n\n<p>Dans les limites fix\u00e9es par la loi, www.naturalfoie.com n&rsquo;assume aucune responsabilit\u00e9 pour le manque de v\u00e9racit\u00e9, d&rsquo;exhaustivit\u00e9, de mise \u00e0 jour et d&rsquo;exactitude des donn\u00e9es ou des informations contenues dans ses pages Internet, la mise \u00e0 jour et l&rsquo;exactitude des donn\u00e9es ou des informations contenues dans ses pages Internet.<\/p>\n\n<p>Le contenu et les informations n&rsquo;engagent pas www.naturalfoie.com et ne constituent pas des opinions, des avis ou des conseils juridiques de quelque nature que ce soit, \u00e9tant donn\u00e9 qu&rsquo;il s&rsquo;agit simplement d&rsquo;un service d&rsquo;information et de diffusion. Il s&rsquo;agit simplement d&rsquo;un service d&rsquo; information et d&rsquo;information.<\/p>\n\n<p>Les pages Internet de www.naturalfoie.com peuvent contenir des liens vers d&rsquo;autres pages de tiers que www.naturalfoie.com ne peut contr\u00f4ler. Par cons\u00e9quent, www.naturalfoie.com ne peut assumer la responsabilit\u00e9 du contenu qui peut appara\u00eetre sur les sites web de tiers. <\/p>\n\n<p>Les textes, images, sons, animations, logiciels et le reste du contenu de ce site sont la propri\u00e9t\u00e9 exclusive de www.naturalfoie.com ou de ses conc\u00e9dants de licence. Tout acte de transmission, distribution, transfert, reproduction, <a href=\"http:\/\/www.miweb.es\">stockage ou communication publique, en tout ou partie, doit faire l &lsquo; objet d&rsquo;une autorisation expresse de www.<\/a>naturalfoie.com . <\/p>\n\n<p>De m\u00eame, pour acc\u00e9der \u00e0 certains des services offerts par www.naturalfoie.com \u00e0 travers son site web, vous devrez fournir certaines donn\u00e9es personnelles. Conform\u00e9ment aux dispositions de la loi organique 15\/1999, du 13 d\u00e9cembre, sur la protection des donn\u00e9es \u00e0 caract\u00e8re personnel, nous vous informons qu&rsquo;en remplissant ces formulaires, vos donn\u00e9es personnelles seront incluses et trait\u00e9es dans les fichiers de Diego Ruiz-Labourdette Garau afin de vous fournir et de vous offrir nos services, ainsi que pour vous informer des am\u00e9liorations apport\u00e9es au site Web. Nous vous informons \u00e9galement de la possibilit\u00e9 d&rsquo;exercer vos droits d&rsquo;acc\u00e8s, de rectification, d&rsquo;annulation et d&rsquo;opposition de vos donn\u00e9es personnelles, gratuitement, par courrier \u00e9lectronique \u00e0 info@naturalfoie.com ou \u00e0 l&rsquo;adresse C\/ ALCAL\u00c1 78. CP 28009.   <\/p>\n","protected":false},"excerpt":{"rendered":"<p>DIEGO RUIZ-LABOURDETTE GARAU, avec 50859059X (NIF), adresse C\/ ALCAL\u00c1 78. CP 28009, ne peut assumer aucune responsabilit\u00e9 d\u00e9riv\u00e9e de l&rsquo;utilisation incorrecte, inappropri\u00e9e ou illicite de l&rsquo;information apparaissant sur les pages Internet de www.naturalfoie.com. Responsabilit\u00e9 des liens externes: Les pages Internet de www.naturalfoie.com peuvent contenir des liens vers des sites tiers. www.naturalfoie.com n&rsquo; est pas responsable<\/p>\n<p class=\"more-link-wrapper\"><a class=\"btn btn-primary\" href=\"https:\/\/naturalfoie.com\/fr\/avis-juridique\/\">Read More<\/a><\/p>\n","protected":false},"author":3,"featured_media":0,"parent":0,"menu_order":0,"comment_status":"closed","ping_status":"closed","template":"","meta":{"_acf_changed":false,"footnotes":""},"class_list":["post-4146","page","type-page","status-publish","hentry"],"acf":[],"yoast_head":"<!-- This site is optimized with the Yoast SEO plugin v26.8 - https:\/\/yoast.com\/product\/yoast-seo-wordpress\/ -->\n<title>Avis juridique - Natural Foie - Informations juridiques et r\u00e9glementaires<\/title>\n<meta name=\"description\" content=\"Acc\u00e9dez aux textes juridiques de Natural Foie et consultez nos conditions d&#039; utilisation pour une navigation s\u00fbre et transparente.\" \/>\n<meta name=\"robots\" content=\"noindex, follow\" \/>\n<meta property=\"og:locale\" content=\"fr_FR\" \/>\n<meta property=\"og:type\" content=\"article\" \/>\n<meta property=\"og:title\" content=\"Avis juridique - Natural Foie - Informations juridiques et r\u00e9glementaires\" \/>\n<meta property=\"og:description\" content=\"Acc\u00e9dez aux textes juridiques de Natural Foie et consultez nos conditions d&#039; utilisation pour une navigation s\u00fbre et transparente.\" \/>\n<meta property=\"og:url\" content=\"https:\/\/naturalfoie.com\/legal-notice\/\" \/>\n<meta property=\"og:site_name\" content=\"Natural Foie\" \/>\n<meta property=\"article:modified_time\" content=\"2024-12-13T08:15:39+00:00\" \/>\n<meta name=\"twitter:card\" content=\"summary_large_image\" \/>\n<meta name=\"twitter:label1\" content=\"Dur\u00e9e de lecture estim\u00e9e\" \/>\n\t<meta name=\"twitter:data1\" content=\"2 minutes\" \/>\n<script type=\"application\/ld+json\" class=\"yoast-schema-graph\">{\"@context\":\"https:\/\/schema.org\",\"@graph\":[{\"@type\":\"WebPage\",\"@id\":\"https:\/\/naturalfoie.com\/legal-notice\/\",\"url\":\"https:\/\/naturalfoie.com\/legal-notice\/\",\"name\":\"Avis juridique - Natural Foie - Informations juridiques et r\u00e9glementaires\",\"isPartOf\":{\"@id\":\"https:\/\/naturalfoie.com\/#website\"},\"datePublished\":\"2024-11-12T15:32:12+00:00\",\"dateModified\":\"2024-12-13T08:15:39+00:00\",\"description\":\"Acc\u00e9dez aux textes juridiques de Natural Foie et consultez nos conditions d' utilisation pour une navigation s\u00fbre et transparente.\",\"breadcrumb\":{\"@id\":\"https:\/\/naturalfoie.com\/legal-notice\/#breadcrumb\"},\"inLanguage\":\"fr-FR\",\"potentialAction\":[{\"@type\":\"ReadAction\",\"target\":[\"https:\/\/naturalfoie.com\/legal-notice\/\"]}]},{\"@type\":\"BreadcrumbList\",\"@id\":\"https:\/\/naturalfoie.com\/legal-notice\/#breadcrumb\",\"itemListElement\":[{\"@type\":\"ListItem\",\"position\":1,\"name\":\"Portada\",\"item\":\"https:\/\/naturalfoie.com\/fr\/\"},{\"@type\":\"ListItem\",\"position\":2,\"name\":\"Avis juridique\"}]},{\"@type\":\"WebSite\",\"@id\":\"https:\/\/naturalfoie.com\/#website\",\"url\":\"https:\/\/naturalfoie.com\/\",\"name\":\"Natural Foie\",\"description\":\"Plataforma de difusi\u00f3n del foie sin alimentaci\u00f3n forzada. \u00danete a nosotros.\",\"publisher\":{\"@id\":\"https:\/\/naturalfoie.com\/#organization\"},\"potentialAction\":[{\"@type\":\"SearchAction\",\"target\":{\"@type\":\"EntryPoint\",\"urlTemplate\":\"https:\/\/naturalfoie.com\/?s={search_term_string}\"},\"query-input\":{\"@type\":\"PropertyValueSpecification\",\"valueRequired\":true,\"valueName\":\"search_term_string\"}}],\"inLanguage\":\"fr-FR\"},{\"@type\":\"Organization\",\"@id\":\"https:\/\/naturalfoie.com\/#organization\",\"name\":\"Natural Foie\",\"url\":\"https:\/\/naturalfoie.com\/\",\"logo\":{\"@type\":\"ImageObject\",\"inLanguage\":\"fr-FR\",\"@id\":\"https:\/\/naturalfoie.com\/#\/schema\/logo\/image\/\",\"url\":\"https:\/\/naturalfoie.com\/wp-content\/uploads\/2024\/11\/logo-natural-foie_NEGRO.jpg\",\"contentUrl\":\"https:\/\/naturalfoie.com\/wp-content\/uploads\/2024\/11\/logo-natural-foie_NEGRO.jpg\",\"width\":1500,\"height\":232,\"caption\":\"Natural Foie\"},\"image\":{\"@id\":\"https:\/\/naturalfoie.com\/#\/schema\/logo\/image\/\"},\"sameAs\":[\"https:\/\/www.instagram.com\/natural.foie\/\"]}]}<\/script>\n<!-- \/ Yoast SEO plugin. -->","yoast_head_json":{"title":"Avis juridique - Natural Foie - Informations juridiques et r\u00e9glementaires","description":"Acc\u00e9dez aux textes juridiques de Natural Foie et consultez nos conditions d' utilisation pour une navigation s\u00fbre et transparente.","robots":{"index":"noindex","follow":"follow"},"og_locale":"fr_FR","og_type":"article","og_title":"Avis juridique - Natural Foie - Informations juridiques et r\u00e9glementaires","og_description":"Acc\u00e9dez aux textes juridiques de Natural Foie et consultez nos conditions d' utilisation pour une navigation s\u00fbre et transparente.","og_url":"https:\/\/naturalfoie.com\/legal-notice\/","og_site_name":"Natural Foie","article_modified_time":"2024-12-13T08:15:39+00:00","twitter_card":"summary_large_image","twitter_misc":{"Dur\u00e9e de lecture estim\u00e9e":"2 minutes"},"schema":{"@context":"https:\/\/schema.org","@graph":[{"@type":"WebPage","@id":"https:\/\/naturalfoie.com\/legal-notice\/","url":"https:\/\/naturalfoie.com\/legal-notice\/","name":"Avis juridique - Natural Foie - Informations juridiques et r\u00e9glementaires","isPartOf":{"@id":"https:\/\/naturalfoie.com\/#website"},"datePublished":"2024-11-12T15:32:12+00:00","dateModified":"2024-12-13T08:15:39+00:00","description":"Acc\u00e9dez aux textes juridiques de Natural Foie et consultez nos conditions d' utilisation pour une navigation s\u00fbre et transparente.","breadcrumb":{"@id":"https:\/\/naturalfoie.com\/legal-notice\/#breadcrumb"},"inLanguage":"fr-FR","potentialAction":[{"@type":"ReadAction","target":["https:\/\/naturalfoie.com\/legal-notice\/"]}]},{"@type":"BreadcrumbList","@id":"https:\/\/naturalfoie.com\/legal-notice\/#breadcrumb","itemListElement":[{"@type":"ListItem","position":1,"name":"Portada","item":"https:\/\/naturalfoie.com\/fr\/"},{"@type":"ListItem","position":2,"name":"Avis juridique"}]},{"@type":"WebSite","@id":"https:\/\/naturalfoie.com\/#website","url":"https:\/\/naturalfoie.com\/","name":"Natural Foie","description":"Plataforma de difusi\u00f3n del foie sin alimentaci\u00f3n forzada. \u00danete a nosotros.","publisher":{"@id":"https:\/\/naturalfoie.com\/#organization"},"potentialAction":[{"@type":"SearchAction","target":{"@type":"EntryPoint","urlTemplate":"https:\/\/naturalfoie.com\/?s={search_term_string}"},"query-input":{"@type":"PropertyValueSpecification","valueRequired":true,"valueName":"search_term_string"}}],"inLanguage":"fr-FR"},{"@type":"Organization","@id":"https:\/\/naturalfoie.com\/#organization","name":"Natural Foie","url":"https:\/\/naturalfoie.com\/","logo":{"@type":"ImageObject","inLanguage":"fr-FR","@id":"https:\/\/naturalfoie.com\/#\/schema\/logo\/image\/","url":"https:\/\/naturalfoie.com\/wp-content\/uploads\/2024\/11\/logo-natural-foie_NEGRO.jpg","contentUrl":"https:\/\/naturalfoie.com\/wp-content\/uploads\/2024\/11\/logo-natural-foie_NEGRO.jpg","width":1500,"height":232,"caption":"Natural Foie"},"image":{"@id":"https:\/\/naturalfoie.com\/#\/schema\/logo\/image\/"},"sameAs":["https:\/\/www.instagram.com\/natural.foie\/"]}]}},"_links":{"self":[{"href":"https:\/\/naturalfoie.com\/fr\/wp-json\/wp\/v2\/pages\/4146","targetHints":{"allow":["GET"]}}],"collection":[{"href":"https:\/\/naturalfoie.com\/fr\/wp-json\/wp\/v2\/pages"}],"about":[{"href":"https:\/\/naturalfoie.com\/fr\/wp-json\/wp\/v2\/types\/page"}],"author":[{"embeddable":true,"href":"https:\/\/naturalfoie.com\/fr\/wp-json\/wp\/v2\/users\/3"}],"replies":[{"embeddable":true,"href":"https:\/\/naturalfoie.com\/fr\/wp-json\/wp\/v2\/comments?post=4146"}],"version-history":[{"count":0,"href":"https:\/\/naturalfoie.com\/fr\/wp-json\/wp\/v2\/pages\/4146\/revisions"}],"wp:attachment":[{"href":"https:\/\/naturalfoie.com\/fr\/wp-json\/wp\/v2\/media?parent=4146"}],"curies":[{"name":"wp","href":"https:\/\/api.w.org\/{rel}","templated":true}]}}