{"id":4144,"date":"2019-12-12T15:50:07","date_gmt":"2019-12-12T14:50:07","guid":{"rendered":"http:\/\/naturalfoie.com\/contact-natural-foie\/"},"modified":"2025-04-14T12:43:46","modified_gmt":"2025-04-14T10:43:46","slug":"contact-natural-foie","status":"publish","type":"page","link":"https:\/\/naturalfoie.com\/fr\/contact-natural-foie\/","title":{"rendered":"Contacter Natural Foie"},"content":{"rendered":"<div class=\"wpb-content-wrapper\"><p>[vc_row equal_height=\u00a0\u00bbyes\u00a0\u00bb][vc_column offset=\u00a0\u00bbvc_col-lg-2&Prime;][\/vc_column][vc_column css=\u00a0\u00bb.vc_custom_1579621427408{padding-top: 10% !important;padding-right: 10% !important;padding-bottom: 10% !important;padding-left: 10% !important;background-color: #2c2c2c !important;}\u00a0\u00bb offset=\u00a0\u00bbvc_col-lg-8&Prime;][vc_row_inner][vc_column_inner width=\u00a0\u00bb1\/3&Prime;]\n\t<div class=\"gg-infobox  text-align-left \" >\n\t\t<div class=\"infobox-title\" >Num\u00e9ro de Contact<\/div>\n\t\t<span class=\"gg-horizontal-line\" ><\/span>\n\t\t<div class=\"infobox-description\" ><p><a href=\"tel:637249242\">+34 637 249 242<\/a><\/p>\n<\/div>\n\t<\/div> [\/vc_column_inner][vc_column_inner width=\u00a0\u00bb1\/3&Prime;]\n\t<div class=\"gg-infobox  text-align-left vc_custom_1731344201633\" >\n\t\t<div class=\"infobox-title\" >Correo Electr\u00f3nico<\/div>\n\t\t<span class=\"gg-horizontal-line\" ><\/span>\n\t\t<div class=\"infobox-description\" ><p><a href=\"mailto:info@naturalfoie.com\">info@naturalfoie.com<\/a><\/p>\n<\/div>\n\t<\/div> [\/vc_column_inner][vc_column_inner width=\u00a0\u00bb1\/3&Prime;]\n\t<div class=\"gg-infobox  text-align-left vc_custom_1744627398442\" >\n\t\t<div class=\"infobox-title\" >R\u00e9seaux sociaux<\/div>\n\t\t<span class=\"gg-horizontal-line\" ><\/span>\n\t\t<div class=\"infobox-description\" ><p><a href=\"https:\/\/www.instagram.com\/natural.foie\/\">Instagram<\/a><\/p>\n<\/div>\n\t<\/div> [\/vc_column_inner][\/vc_row_inner]\n\t<div class=\"title-subtitle-box  \" style=\" text-align: left;\">\n\t\t<h2 style=\" font-weight: normal;\" class=\"special-title\" >Consultations sur le foie<\/h2>\n\t<\/div> \n<div class=\"wpcf7 no-js\" id=\"wpcf7-f4178-o1\" lang=\"fr-FR\" dir=\"ltr\" data-wpcf7-id=\"4178\">\n<div class=\"screen-reader-response\"><p role=\"status\" aria-live=\"polite\" aria-atomic=\"true\"><\/p> <ul><\/ul><\/div>\n<form action=\"\/fr\/wp-json\/wp\/v2\/pages\/4144#wpcf7-f4178-o1\" method=\"post\" class=\"wpcf7-form init\" aria-label=\"Formulaire de contact\" novalidate=\"novalidate\" data-status=\"init\">\n<fieldset class=\"hidden-fields-container\"><input type=\"hidden\" name=\"_wpcf7\" value=\"4178\" \/><input type=\"hidden\" name=\"_wpcf7_version\" value=\"6.1.4\" \/><input type=\"hidden\" name=\"_wpcf7_locale\" value=\"fr_FR\" \/><input type=\"hidden\" name=\"_wpcf7_unit_tag\" value=\"wpcf7-f4178-o1\" \/><input type=\"hidden\" name=\"_wpcf7_container_post\" value=\"0\" \/><input type=\"hidden\" name=\"_wpcf7_posted_data_hash\" value=\"\" \/><input type=\"hidden\" name=\"_wpcf7_recaptcha_response\" value=\"\" \/>\n<\/fieldset>\n<p><label> Nom (Obligatoire)<br \/>\n<span class=\"wpcf7-form-control-wrap\" data-name=\"your-name\"><input size=\"40\" maxlength=\"400\" class=\"wpcf7-form-control wpcf7-text wpcf7-validates-as-required\" autocomplete=\"name\" aria-required=\"true\" aria-invalid=\"false\" value=\"\" type=\"text\" name=\"your-name\" \/><\/span> <\/label>\n<\/p>\n<p><label> Adresse E-mail (Obligatoire)<br \/>\n<span class=\"wpcf7-form-control-wrap\" data-name=\"your-email\"><input size=\"40\" maxlength=\"400\" class=\"wpcf7-form-control wpcf7-email wpcf7-validates-as-required wpcf7-text wpcf7-validates-as-email\" autocomplete=\"email\" aria-required=\"true\" aria-invalid=\"false\" value=\"\" type=\"email\" name=\"your-email\" \/><\/span> <\/label>\n<\/p>\n<p><label> Objet (Optionnel)<br \/>\n<span class=\"wpcf7-form-control-wrap\" data-name=\"your-subject\"><input size=\"40\" maxlength=\"400\" class=\"wpcf7-form-control wpcf7-text\" aria-invalid=\"false\" value=\"\" type=\"text\" name=\"your-subject\" \/><\/span> <\/label>\n<\/p>\n<p><label> Message (Obligatoire)<br \/>\n<span class=\"wpcf7-form-control-wrap\" data-name=\"your-message\"><textarea cols=\"40\" rows=\"10\" maxlength=\"2000\" class=\"wpcf7-form-control wpcf7-textarea\" aria-invalid=\"false\" name=\"your-message\"><\/textarea><\/span> <\/label>\n<\/p>\n<p><span class=\"wpcf7-form-control-wrap\" data-name=\"checkbox-577\"><span class=\"wpcf7-form-control wpcf7-checkbox wpcf7-validates-as-required\"><span class=\"wpcf7-list-item first last\"><input type=\"checkbox\" name=\"checkbox-577[]\" value=\"J&#039;ai lu et j&#039;accepte la Politique de Confidentialit\u00e9\" \/><span class=\"wpcf7-list-item-label\">J&#039;ai lu et j&#039;accepte la Politique de Confidentialit\u00e9<\/span><\/span><\/span><\/span>\n<\/p>\n<p><input class=\"wpcf7-form-control wpcf7-submit has-spinner\" type=\"submit\" value=\"Envoyer\" \/>\n<\/p><p style=\"display: none !important;\" class=\"akismet-fields-container\" data-prefix=\"_wpcf7_ak_\"><label>&#916;<textarea name=\"_wpcf7_ak_hp_textarea\" cols=\"45\" rows=\"8\" maxlength=\"100\"><\/textarea><\/label><input type=\"hidden\" id=\"ak_js_1\" name=\"_wpcf7_ak_js\" value=\"242\"\/><script>document.getElementById( \"ak_js_1\" ).setAttribute( \"value\", ( new Date() ).getTime() );<\/script><\/p><div class=\"wpcf7-response-output\" aria-hidden=\"true\"><\/div>\n<\/form>\n<\/div>\n[\/vc_column][vc_column offset=\u00a0\u00bbvc_col-lg-2&Prime;][\/vc_column][\/vc_row][vc_row css=\u00a0\u00bb.vc_custom_1734089938516{margin-right: 10% !important;margin-left: 10% !important;background-color: #ffffff !important;}\u00a0\u00bb][vc_column][vc_single_image image=\u00a0\u00bb4182&Prime; img_size=\u00a0\u00bbfull\u00a0\u00bb alignment=\u00a0\u00bbcenter\u00a0\u00bb css=\u00a0\u00bb.vc_custom_1734090001201{padding-top: 15px !important;padding-right: 15px !important;padding-bottom: 15px !important;padding-left: 15px !important;}\u00a0\u00bb][\/vc_column][\/vc_row]<\/p>\n<\/div>","protected":false},"excerpt":{"rendered":"<p>[vc_row equal_height=\u00a0\u00bbyes\u00a0\u00bb][vc_column offset=\u00a0\u00bbvc_col-lg-2&Prime;][\/vc_column][vc_column css=\u00a0\u00bb.vc_custom_1579621427408{padding-top: 10% !important;padding-right: 10% !important;padding-bottom: 10% !important;padding-left: 10% !important;background-color: #2c2c2c !important;}\u00a0\u00bb offset=\u00a0\u00bbvc_col-lg-8&Prime;][vc_row_inner][vc_column_inner width=\u00a0\u00bb1\/3&Prime;][\/vc_column_inner][vc_column_inner width=\u00a0\u00bb1\/3&Prime;][\/vc_column_inner][vc_column_inner width=\u00a0\u00bb1\/3&Prime;][\/vc_column_inner][\/vc_row_inner][\/vc_column][vc_column offset=\u00a0\u00bbvc_col-lg-2&Prime;][\/vc_column][\/vc_row][vc_row css=\u00a0\u00bb.vc_custom_1734089938516{margin-right: 10% !important;margin-left: 10% !important;background-color: #ffffff !important;}\u00a0\u00bb][vc_column][vc_single_image image=\u00a0\u00bb4182&Prime; img_size=\u00a0\u00bbfull\u00a0\u00bb alignment=\u00a0\u00bbcenter\u00a0\u00bb css=\u00a0\u00bb.vc_custom_1734090001201{padding-top: 15px !important;padding-right: 15px !important;padding-bottom: 15px !important;padding-left: 15px !important;}\u00a0\u00bb][\/vc_column][\/vc_row]<\/p>\n","protected":false},"author":3,"featured_media":4044,"parent":0,"menu_order":0,"comment_status":"closed","ping_status":"closed","template":"","meta":{"_acf_changed":false,"footnotes":""},"class_list":["post-4144","page","type-page","status-publish","has-post-thumbnail","hentry","has_thumb"],"acf":[],"yoast_head":"<!-- This site is optimized with the Yoast SEO plugin v26.8 - https:\/\/yoast.com\/product\/yoast-seo-wordpress\/ -->\n<title>Foie sans Maltraitance Animale | Contact Natural Foie<\/title>\n<meta name=\"description\" content=\"Avez-vous des questions sur le Foie naturellement Gras ? Contactez-nous chez Natural Foie et rejoignez notre engagement et notre respect.\" \/>\n<meta name=\"robots\" content=\"index, follow, max-snippet:-1, max-image-preview:large, max-video-preview:-1\" \/>\n<link rel=\"canonical\" href=\"https:\/\/naturalfoie.com\/fr\/contact-natural-foie\/\" \/>\n<meta property=\"og:locale\" content=\"fr_FR\" \/>\n<meta property=\"og:type\" content=\"article\" \/>\n<meta property=\"og:title\" content=\"Foie sans Maltraitance Animale | Contact Natural Foie\" \/>\n<meta property=\"og:description\" content=\"Avez-vous des questions sur le Foie naturellement Gras ? Contactez-nous chez Natural Foie et rejoignez notre engagement et notre respect.\" \/>\n<meta property=\"og:url\" content=\"https:\/\/naturalfoie.com\/fr\/contact-natural-foie\/\" \/>\n<meta property=\"og:site_name\" content=\"Natural Foie\" \/>\n<meta property=\"article:modified_time\" content=\"2025-04-14T10:43:46+00:00\" \/>\n<meta property=\"og:image\" content=\"https:\/\/naturalfoie.com\/wp-content\/uploads\/2020\/01\/contact-header-image.jpg\" \/>\n\t<meta property=\"og:image:width\" content=\"1604\" \/>\n\t<meta property=\"og:image:height\" content=\"715\" \/>\n\t<meta property=\"og:image:type\" content=\"image\/jpeg\" \/>\n<meta name=\"twitter:card\" content=\"summary_large_image\" \/>\n<meta name=\"twitter:label1\" content=\"Dur\u00e9e de lecture estim\u00e9e\" \/>\n\t<meta name=\"twitter:data1\" content=\"1 minute\" \/>\n<script type=\"application\/ld+json\" class=\"yoast-schema-graph\">{\"@context\":\"https:\/\/schema.org\",\"@graph\":[{\"@type\":\"WebPage\",\"@id\":\"https:\/\/naturalfoie.com\/fr\/contact-natural-foie\/\",\"url\":\"https:\/\/naturalfoie.com\/fr\/contact-natural-foie\/\",\"name\":\"Foie sans Maltraitance Animale | Contact Natural Foie\",\"isPartOf\":{\"@id\":\"https:\/\/naturalfoie.com\/#website\"},\"primaryImageOfPage\":{\"@id\":\"https:\/\/naturalfoie.com\/fr\/contact-natural-foie\/#primaryimage\"},\"image\":{\"@id\":\"https:\/\/naturalfoie.com\/fr\/contact-natural-foie\/#primaryimage\"},\"thumbnailUrl\":\"https:\/\/naturalfoie.com\/wp-content\/uploads\/2020\/01\/contact-header-image.jpg\",\"datePublished\":\"2019-12-12T14:50:07+00:00\",\"dateModified\":\"2025-04-14T10:43:46+00:00\",\"description\":\"Avez-vous des questions sur le Foie naturellement Gras ? Contactez-nous chez Natural Foie et rejoignez notre engagement et notre respect.\",\"breadcrumb\":{\"@id\":\"https:\/\/naturalfoie.com\/fr\/contact-natural-foie\/#breadcrumb\"},\"inLanguage\":\"fr-FR\",\"potentialAction\":[{\"@type\":\"ReadAction\",\"target\":[\"https:\/\/naturalfoie.com\/fr\/contact-natural-foie\/\"]}]},{\"@type\":\"ImageObject\",\"inLanguage\":\"fr-FR\",\"@id\":\"https:\/\/naturalfoie.com\/fr\/contact-natural-foie\/#primaryimage\",\"url\":\"https:\/\/naturalfoie.com\/wp-content\/uploads\/2020\/01\/contact-header-image.jpg\",\"contentUrl\":\"https:\/\/naturalfoie.com\/wp-content\/uploads\/2020\/01\/contact-header-image.jpg\",\"width\":1604,\"height\":715},{\"@type\":\"BreadcrumbList\",\"@id\":\"https:\/\/naturalfoie.com\/fr\/contact-natural-foie\/#breadcrumb\",\"itemListElement\":[{\"@type\":\"ListItem\",\"position\":1,\"name\":\"Portada\",\"item\":\"https:\/\/naturalfoie.com\/fr\/\"},{\"@type\":\"ListItem\",\"position\":2,\"name\":\"Contacter Natural Foie\"}]},{\"@type\":\"WebSite\",\"@id\":\"https:\/\/naturalfoie.com\/#website\",\"url\":\"https:\/\/naturalfoie.com\/\",\"name\":\"Natural Foie\",\"description\":\"Plataforma de difusi\u00f3n del foie sin alimentaci\u00f3n forzada. \u00danete a nosotros.\",\"publisher\":{\"@id\":\"https:\/\/naturalfoie.com\/#organization\"},\"potentialAction\":[{\"@type\":\"SearchAction\",\"target\":{\"@type\":\"EntryPoint\",\"urlTemplate\":\"https:\/\/naturalfoie.com\/?s={search_term_string}\"},\"query-input\":{\"@type\":\"PropertyValueSpecification\",\"valueRequired\":true,\"valueName\":\"search_term_string\"}}],\"inLanguage\":\"fr-FR\"},{\"@type\":\"Organization\",\"@id\":\"https:\/\/naturalfoie.com\/#organization\",\"name\":\"Natural Foie\",\"url\":\"https:\/\/naturalfoie.com\/\",\"logo\":{\"@type\":\"ImageObject\",\"inLanguage\":\"fr-FR\",\"@id\":\"https:\/\/naturalfoie.com\/#\/schema\/logo\/image\/\",\"url\":\"https:\/\/naturalfoie.com\/wp-content\/uploads\/2024\/11\/logo-natural-foie_NEGRO.jpg\",\"contentUrl\":\"https:\/\/naturalfoie.com\/wp-content\/uploads\/2024\/11\/logo-natural-foie_NEGRO.jpg\",\"width\":1500,\"height\":232,\"caption\":\"Natural Foie\"},\"image\":{\"@id\":\"https:\/\/naturalfoie.com\/#\/schema\/logo\/image\/\"},\"sameAs\":[\"https:\/\/www.instagram.com\/natural.foie\/\"]}]}<\/script>\n<!-- \/ Yoast SEO plugin. -->","yoast_head_json":{"title":"Foie sans Maltraitance Animale | Contact Natural Foie","description":"Avez-vous des questions sur le Foie naturellement Gras ? Contactez-nous chez Natural Foie et rejoignez notre engagement et notre respect.","robots":{"index":"index","follow":"follow","max-snippet":"max-snippet:-1","max-image-preview":"max-image-preview:large","max-video-preview":"max-video-preview:-1"},"canonical":"https:\/\/naturalfoie.com\/fr\/contact-natural-foie\/","og_locale":"fr_FR","og_type":"article","og_title":"Foie sans Maltraitance Animale | Contact Natural Foie","og_description":"Avez-vous des questions sur le Foie naturellement Gras ? Contactez-nous chez Natural Foie et rejoignez notre engagement et notre respect.","og_url":"https:\/\/naturalfoie.com\/fr\/contact-natural-foie\/","og_site_name":"Natural Foie","article_modified_time":"2025-04-14T10:43:46+00:00","og_image":[{"width":1604,"height":715,"url":"https:\/\/naturalfoie.com\/wp-content\/uploads\/2020\/01\/contact-header-image.jpg","type":"image\/jpeg"}],"twitter_card":"summary_large_image","twitter_misc":{"Dur\u00e9e de lecture estim\u00e9e":"1 minute"},"schema":{"@context":"https:\/\/schema.org","@graph":[{"@type":"WebPage","@id":"https:\/\/naturalfoie.com\/fr\/contact-natural-foie\/","url":"https:\/\/naturalfoie.com\/fr\/contact-natural-foie\/","name":"Foie sans Maltraitance Animale | Contact Natural Foie","isPartOf":{"@id":"https:\/\/naturalfoie.com\/#website"},"primaryImageOfPage":{"@id":"https:\/\/naturalfoie.com\/fr\/contact-natural-foie\/#primaryimage"},"image":{"@id":"https:\/\/naturalfoie.com\/fr\/contact-natural-foie\/#primaryimage"},"thumbnailUrl":"https:\/\/naturalfoie.com\/wp-content\/uploads\/2020\/01\/contact-header-image.jpg","datePublished":"2019-12-12T14:50:07+00:00","dateModified":"2025-04-14T10:43:46+00:00","description":"Avez-vous des questions sur le Foie naturellement Gras ? Contactez-nous chez Natural Foie et rejoignez notre engagement et notre respect.","breadcrumb":{"@id":"https:\/\/naturalfoie.com\/fr\/contact-natural-foie\/#breadcrumb"},"inLanguage":"fr-FR","potentialAction":[{"@type":"ReadAction","target":["https:\/\/naturalfoie.com\/fr\/contact-natural-foie\/"]}]},{"@type":"ImageObject","inLanguage":"fr-FR","@id":"https:\/\/naturalfoie.com\/fr\/contact-natural-foie\/#primaryimage","url":"https:\/\/naturalfoie.com\/wp-content\/uploads\/2020\/01\/contact-header-image.jpg","contentUrl":"https:\/\/naturalfoie.com\/wp-content\/uploads\/2020\/01\/contact-header-image.jpg","width":1604,"height":715},{"@type":"BreadcrumbList","@id":"https:\/\/naturalfoie.com\/fr\/contact-natural-foie\/#breadcrumb","itemListElement":[{"@type":"ListItem","position":1,"name":"Portada","item":"https:\/\/naturalfoie.com\/fr\/"},{"@type":"ListItem","position":2,"name":"Contacter Natural Foie"}]},{"@type":"WebSite","@id":"https:\/\/naturalfoie.com\/#website","url":"https:\/\/naturalfoie.com\/","name":"Natural Foie","description":"Plataforma de difusi\u00f3n del foie sin alimentaci\u00f3n forzada. \u00danete a nosotros.","publisher":{"@id":"https:\/\/naturalfoie.com\/#organization"},"potentialAction":[{"@type":"SearchAction","target":{"@type":"EntryPoint","urlTemplate":"https:\/\/naturalfoie.com\/?s={search_term_string}"},"query-input":{"@type":"PropertyValueSpecification","valueRequired":true,"valueName":"search_term_string"}}],"inLanguage":"fr-FR"},{"@type":"Organization","@id":"https:\/\/naturalfoie.com\/#organization","name":"Natural Foie","url":"https:\/\/naturalfoie.com\/","logo":{"@type":"ImageObject","inLanguage":"fr-FR","@id":"https:\/\/naturalfoie.com\/#\/schema\/logo\/image\/","url":"https:\/\/naturalfoie.com\/wp-content\/uploads\/2024\/11\/logo-natural-foie_NEGRO.jpg","contentUrl":"https:\/\/naturalfoie.com\/wp-content\/uploads\/2024\/11\/logo-natural-foie_NEGRO.jpg","width":1500,"height":232,"caption":"Natural Foie"},"image":{"@id":"https:\/\/naturalfoie.com\/#\/schema\/logo\/image\/"},"sameAs":["https:\/\/www.instagram.com\/natural.foie\/"]}]}},"_links":{"self":[{"href":"https:\/\/naturalfoie.com\/fr\/wp-json\/wp\/v2\/pages\/4144","targetHints":{"allow":["GET"]}}],"collection":[{"href":"https:\/\/naturalfoie.com\/fr\/wp-json\/wp\/v2\/pages"}],"about":[{"href":"https:\/\/naturalfoie.com\/fr\/wp-json\/wp\/v2\/types\/page"}],"author":[{"embeddable":true,"href":"https:\/\/naturalfoie.com\/fr\/wp-json\/wp\/v2\/users\/3"}],"replies":[{"embeddable":true,"href":"https:\/\/naturalfoie.com\/fr\/wp-json\/wp\/v2\/comments?post=4144"}],"version-history":[{"count":0,"href":"https:\/\/naturalfoie.com\/fr\/wp-json\/wp\/v2\/pages\/4144\/revisions"}],"wp:featuredmedia":[{"embeddable":true,"href":"https:\/\/naturalfoie.com\/fr\/wp-json\/wp\/v2\/media\/4044"}],"wp:attachment":[{"href":"https:\/\/naturalfoie.com\/fr\/wp-json\/wp\/v2\/media?parent=4144"}],"curies":[{"name":"wp","href":"https:\/\/api.w.org\/{rel}","templated":true}]}}