{"id":4124,"date":"2024-11-29T14:46:19","date_gmt":"2024-11-29T13:46:19","guid":{"rendered":"http:\/\/naturalfoie.com\/foie-natural-un-poco-de-fisiologia\/"},"modified":"2024-12-16T10:32:11","modified_gmt":"2024-12-16T09:32:11","slug":"foie-natural-un-poco-de-fisiologia","status":"publish","type":"page","link":"https:\/\/naturalfoie.com\/fr\/foie-natural-un-poco-de-fisiologia\/","title":{"rendered":"Foie Naturel &#8211; Un peu de physiologie&#8230;"},"content":{"rendered":"<div class=\"wpb-content-wrapper\"><p>[vc_row][vc_column]\n\t<div class=\"title-subtitle-box  \" style=\" text-align: center;\">\n\t\t<h1 style=\" font-weight: normal;\" class=\"special-title\" >\n\t\t<span class=\"toptitle\" style=\"\">Une fois que vous aurez go\u00fbt\u00e9 au foie gras naturel, certains des autres foies gras vous sembleront \u00eatre du beurre bon march\u00e9<\/span>Foie sans Gavage<\/h1>\n\t<\/div> [vc_row_inner][vc_column_inner css=\u00a0\u00bb.vc_custom_1733915622954{padding-right: 5% !important;padding-left: 5% !important;}\u00a0\u00bb][vc_column_text]<\/p>\n<p style=\"text-align: center;\">Chez les palmip\u00e8des sauvages, l\u2019accumulation naturelle d\u2019\u00e9nergie sous forme de graisse dans le foie et la chair (graisse intramusculaire) n\u00e9cessite de se faire sur de longues p\u00e9riodes. C\u2019est pourquoi le foie gras sans gavage est plus cher que le foie gras produit selon une m\u00e9thode de gavage : il est plus long \u00e0 obtenir. Des cycles d\u2019\u00e9levage longs et lents. Sans pr\u00e9cipitation. Avec l\u2019arriv\u00e9e du froid, les palmip\u00e8des commencent \u00e0 d\u00e9velopper de la graisse sous-cutan\u00e9e, puis de la graisse intramusculaire et, enfin, de la graisse dans les cellules du foie&#8230;<\/p>\n<p style=\"text-align: center;\">Le foie gras obtenu par gavage permet rapidement d\u2019obtenir d\u2019\u00e9normes foies gras, fragilis\u00e9s par la vitesse du gavage. Avec ce processus non naturel, les cellules h\u00e9patiques (h\u00e9patocytes) forment une gigantesque vacuole de graisse \u00e0 l\u2019int\u00e9rieur, un \u00e9l\u00e9ment qui affaiblit et qui d\u00e9compose m\u00eame la paroi cellulaire. Ce processus est appel\u00e9 <strong>st\u00e9atose macrovacuolaire<\/strong>. \u00c0 la cuisson, ces foies gras fondent souvent, lib\u00e9rant rapidement leur graisse dans la po\u00eale \u00e0 cause de la d\u00e9composition d\u2019une paroi cellulaire gravement affaiblie par la chaleur. Plus le gavage a \u00e9t\u00e9 rapide, moins le foie gras est de qualit\u00e9 et plus il fond \u00e0 la cuisson.<\/p>\n<p style=\"text-align: center;\">Le foie gras naturel, obtenu sans gavage, est plus petit. Le processus d\u2019accumulation de graisse dans les cellules est beaucoup plus lent et plus naturel. Dans ce processus, appel\u00e9 <strong>st\u00e9atose microv\u00e9siculaire<\/strong>, de multiples petites vacuoles de graisse se forment sans endommager la paroi cellulaire. De ce fait, le foie gras ne fond pas \u00e0 la cuisson et offre des ar\u00f4mes et des nuances uniques lors de sa d\u00e9gustation. Un bijou gastronomique, aux nuances champ\u00eatres et moins gras que le foie gras obtenu par gavage. Un retour aux origines du foie gras.<\/p>\n<p>[\/vc_column_text][\/vc_column_inner][\/vc_row_inner][\/vc_column][\/vc_row][vc_row][vc_column]\n\t<div class=\"title-subtitle-box  \" style=\" text-align: center;\">\n\t\t<h2 style=\" font-weight: normal;\" class=\"special-title\" >Comparatif Foie<\/h2>\n\t\t<span class=\"gg-horizontal-line\"><\/span>\n\t<\/div> [\/vc_column][vc_column width=\u00a0\u00bb1\/3&Prime;][vc_single_image image=\u00a0\u00bb4019&Prime; img_size=\u00a0\u00bbfull\u00a0\u00bb alignment=\u00a0\u00bbcenter\u00a0\u00bb][\/vc_column][vc_column width=\u00a0\u00bb1\/3&Prime;][vc_single_image image=\u00a0\u00bb4017&Prime; img_size=\u00a0\u00bbfull\u00a0\u00bb alignment=\u00a0\u00bbcenter\u00a0\u00bb][\/vc_column][vc_column width=\u00a0\u00bb1\/3&Prime;][vc_single_image image=\u00a0\u00bb4018&Prime; img_size=\u00a0\u00bbfull\u00a0\u00bb alignment=\u00a0\u00bbcenter\u00a0\u00bb][\/vc_column][\/vc_row]<\/p>\n<\/div>","protected":false},"excerpt":{"rendered":"<p>[vc_row][vc_column][vc_row_inner][vc_column_inner css=\u00a0\u00bb.vc_custom_1733915622954{padding-right: 5% !important;padding-left: 5% !important;}\u00a0\u00bb][vc_column_text] Chez les palmip\u00e8des sauvages, l\u2019accumulation naturelle d\u2019\u00e9nergie sous forme de graisse dans le foie et la chair (graisse intramusculaire) n\u00e9cessite de se faire sur de longues p\u00e9riodes. C\u2019est pourquoi le foie gras sans gavage est plus cher que le foie gras produit selon une m\u00e9thode de gavage : il<\/p>\n<p class=\"more-link-wrapper\"><a class=\"btn btn-primary\" href=\"https:\/\/naturalfoie.com\/fr\/foie-natural-un-poco-de-fisiologia\/\">Read More<\/a><\/p>\n","protected":false},"author":3,"featured_media":4058,"parent":0,"menu_order":0,"comment_status":"closed","ping_status":"closed","template":"","meta":{"_acf_changed":false,"footnotes":""},"class_list":["post-4124","page","type-page","status-publish","has-post-thumbnail","hentry","has_thumb"],"acf":[],"yoast_head":"<!-- This site is optimized with the Yoast SEO plugin v26.8 - https:\/\/yoast.com\/product\/yoast-seo-wordpress\/ -->\n<title>Foie Naturel vs Gavage : Le V\u00e9ritable Foie<\/title>\n<meta name=\"description\" content=\"Apprenez les diff\u00e9rences entre le foie naturel et le foie obtenu par gavage. D\u00e9couvrez comment le foie sans gavage pr\u00e9serve sa qualit\u00e9 et sa saveur.\" \/>\n<meta name=\"robots\" content=\"index, follow, max-snippet:-1, max-image-preview:large, max-video-preview:-1\" \/>\n<link rel=\"canonical\" href=\"https:\/\/naturalfoie.com\/natural-foie-a-bit-of-physiology\/\" \/>\n<meta property=\"og:locale\" content=\"fr_FR\" \/>\n<meta property=\"og:type\" content=\"article\" \/>\n<meta property=\"og:title\" content=\"Foie Naturel vs Gavage : Le V\u00e9ritable Foie\" \/>\n<meta property=\"og:description\" content=\"Apprenez les diff\u00e9rences entre le foie naturel et le foie obtenu par gavage. D\u00e9couvrez comment le foie sans gavage pr\u00e9serve sa qualit\u00e9 et sa saveur.\" \/>\n<meta property=\"og:url\" content=\"https:\/\/naturalfoie.com\/natural-foie-a-bit-of-physiology\/\" \/>\n<meta property=\"og:site_name\" content=\"Natural Foie\" \/>\n<meta property=\"article:modified_time\" content=\"2024-12-16T09:32:11+00:00\" \/>\n<meta property=\"og:image\" content=\"https:\/\/naturalfoie.com\/wp-content\/uploads\/2024\/11\/Patos-en-Libertad-para-Foie-Gras-Etico-Sabor-Autentico-del-Foie-Gras-Natural-Foie.webp\" \/>\n\t<meta property=\"og:image:width\" content=\"2000\" \/>\n\t<meta property=\"og:image:height\" content=\"919\" \/>\n\t<meta property=\"og:image:type\" content=\"image\/webp\" \/>\n<meta name=\"twitter:card\" content=\"summary_large_image\" \/>\n<meta name=\"twitter:label1\" content=\"Dur\u00e9e de lecture estim\u00e9e\" \/>\n\t<meta name=\"twitter:data1\" content=\"3 minutes\" \/>\n<script type=\"application\/ld+json\" class=\"yoast-schema-graph\">{\"@context\":\"https:\/\/schema.org\",\"@graph\":[{\"@type\":\"WebPage\",\"@id\":\"https:\/\/naturalfoie.com\/natural-foie-a-bit-of-physiology\/\",\"url\":\"https:\/\/naturalfoie.com\/natural-foie-a-bit-of-physiology\/\",\"name\":\"Foie Naturel vs Gavage : Le V\u00e9ritable Foie\",\"isPartOf\":{\"@id\":\"https:\/\/naturalfoie.com\/#website\"},\"primaryImageOfPage\":{\"@id\":\"https:\/\/naturalfoie.com\/natural-foie-a-bit-of-physiology\/#primaryimage\"},\"image\":{\"@id\":\"https:\/\/naturalfoie.com\/natural-foie-a-bit-of-physiology\/#primaryimage\"},\"thumbnailUrl\":\"https:\/\/naturalfoie.com\/wp-content\/uploads\/2024\/11\/Patos-en-Libertad-para-Foie-Gras-Etico-Sabor-Autentico-del-Foie-Gras-Natural-Foie.webp\",\"datePublished\":\"2024-11-29T13:46:19+00:00\",\"dateModified\":\"2024-12-16T09:32:11+00:00\",\"description\":\"Apprenez les diff\u00e9rences entre le foie naturel et le foie obtenu par gavage. D\u00e9couvrez comment le foie sans gavage pr\u00e9serve sa qualit\u00e9 et sa saveur.\",\"breadcrumb\":{\"@id\":\"https:\/\/naturalfoie.com\/natural-foie-a-bit-of-physiology\/#breadcrumb\"},\"inLanguage\":\"fr-FR\",\"potentialAction\":[{\"@type\":\"ReadAction\",\"target\":[\"https:\/\/naturalfoie.com\/natural-foie-a-bit-of-physiology\/\"]}]},{\"@type\":\"ImageObject\",\"inLanguage\":\"fr-FR\",\"@id\":\"https:\/\/naturalfoie.com\/natural-foie-a-bit-of-physiology\/#primaryimage\",\"url\":\"https:\/\/naturalfoie.com\/wp-content\/uploads\/2024\/11\/Patos-en-Libertad-para-Foie-Gras-Etico-Sabor-Autentico-del-Foie-Gras-Natural-Foie.webp\",\"contentUrl\":\"https:\/\/naturalfoie.com\/wp-content\/uploads\/2024\/11\/Patos-en-Libertad-para-Foie-Gras-Etico-Sabor-Autentico-del-Foie-Gras-Natural-Foie.webp\",\"width\":2000,\"height\":919,\"caption\":\"Patos en Libertad para Foie Gras \u00c9tico-Sabor Aut\u00e9ntico del Foie Gras Natural Foie\"},{\"@type\":\"BreadcrumbList\",\"@id\":\"https:\/\/naturalfoie.com\/natural-foie-a-bit-of-physiology\/#breadcrumb\",\"itemListElement\":[{\"@type\":\"ListItem\",\"position\":1,\"name\":\"Portada\",\"item\":\"https:\/\/naturalfoie.com\/fr\/\"},{\"@type\":\"ListItem\",\"position\":2,\"name\":\"Foie Naturel &#8211; Un peu de physiologie&#8230;\"}]},{\"@type\":\"WebSite\",\"@id\":\"https:\/\/naturalfoie.com\/#website\",\"url\":\"https:\/\/naturalfoie.com\/\",\"name\":\"Natural Foie\",\"description\":\"Plataforma de difusi\u00f3n del foie sin alimentaci\u00f3n forzada. \u00danete a nosotros.\",\"publisher\":{\"@id\":\"https:\/\/naturalfoie.com\/#organization\"},\"potentialAction\":[{\"@type\":\"SearchAction\",\"target\":{\"@type\":\"EntryPoint\",\"urlTemplate\":\"https:\/\/naturalfoie.com\/?s={search_term_string}\"},\"query-input\":{\"@type\":\"PropertyValueSpecification\",\"valueRequired\":true,\"valueName\":\"search_term_string\"}}],\"inLanguage\":\"fr-FR\"},{\"@type\":\"Organization\",\"@id\":\"https:\/\/naturalfoie.com\/#organization\",\"name\":\"Natural Foie\",\"url\":\"https:\/\/naturalfoie.com\/\",\"logo\":{\"@type\":\"ImageObject\",\"inLanguage\":\"fr-FR\",\"@id\":\"https:\/\/naturalfoie.com\/#\/schema\/logo\/image\/\",\"url\":\"https:\/\/naturalfoie.com\/wp-content\/uploads\/2024\/11\/logo-natural-foie_NEGRO.jpg\",\"contentUrl\":\"https:\/\/naturalfoie.com\/wp-content\/uploads\/2024\/11\/logo-natural-foie_NEGRO.jpg\",\"width\":1500,\"height\":232,\"caption\":\"Natural Foie\"},\"image\":{\"@id\":\"https:\/\/naturalfoie.com\/#\/schema\/logo\/image\/\"},\"sameAs\":[\"https:\/\/www.instagram.com\/natural.foie\/\"]}]}<\/script>\n<!-- \/ Yoast SEO plugin. -->","yoast_head_json":{"title":"Foie Naturel vs Gavage : Le V\u00e9ritable Foie","description":"Apprenez les diff\u00e9rences entre le foie naturel et le foie obtenu par gavage. D\u00e9couvrez comment le foie sans gavage pr\u00e9serve sa qualit\u00e9 et sa saveur.","robots":{"index":"index","follow":"follow","max-snippet":"max-snippet:-1","max-image-preview":"max-image-preview:large","max-video-preview":"max-video-preview:-1"},"canonical":"https:\/\/naturalfoie.com\/natural-foie-a-bit-of-physiology\/","og_locale":"fr_FR","og_type":"article","og_title":"Foie Naturel vs Gavage : Le V\u00e9ritable Foie","og_description":"Apprenez les diff\u00e9rences entre le foie naturel et le foie obtenu par gavage. D\u00e9couvrez comment le foie sans gavage pr\u00e9serve sa qualit\u00e9 et sa saveur.","og_url":"https:\/\/naturalfoie.com\/natural-foie-a-bit-of-physiology\/","og_site_name":"Natural Foie","article_modified_time":"2024-12-16T09:32:11+00:00","og_image":[{"width":2000,"height":919,"url":"https:\/\/naturalfoie.com\/wp-content\/uploads\/2024\/11\/Patos-en-Libertad-para-Foie-Gras-Etico-Sabor-Autentico-del-Foie-Gras-Natural-Foie.webp","type":"image\/webp"}],"twitter_card":"summary_large_image","twitter_misc":{"Dur\u00e9e de lecture estim\u00e9e":"3 minutes"},"schema":{"@context":"https:\/\/schema.org","@graph":[{"@type":"WebPage","@id":"https:\/\/naturalfoie.com\/natural-foie-a-bit-of-physiology\/","url":"https:\/\/naturalfoie.com\/natural-foie-a-bit-of-physiology\/","name":"Foie Naturel vs Gavage : Le V\u00e9ritable Foie","isPartOf":{"@id":"https:\/\/naturalfoie.com\/#website"},"primaryImageOfPage":{"@id":"https:\/\/naturalfoie.com\/natural-foie-a-bit-of-physiology\/#primaryimage"},"image":{"@id":"https:\/\/naturalfoie.com\/natural-foie-a-bit-of-physiology\/#primaryimage"},"thumbnailUrl":"https:\/\/naturalfoie.com\/wp-content\/uploads\/2024\/11\/Patos-en-Libertad-para-Foie-Gras-Etico-Sabor-Autentico-del-Foie-Gras-Natural-Foie.webp","datePublished":"2024-11-29T13:46:19+00:00","dateModified":"2024-12-16T09:32:11+00:00","description":"Apprenez les diff\u00e9rences entre le foie naturel et le foie obtenu par gavage. D\u00e9couvrez comment le foie sans gavage pr\u00e9serve sa qualit\u00e9 et sa saveur.","breadcrumb":{"@id":"https:\/\/naturalfoie.com\/natural-foie-a-bit-of-physiology\/#breadcrumb"},"inLanguage":"fr-FR","potentialAction":[{"@type":"ReadAction","target":["https:\/\/naturalfoie.com\/natural-foie-a-bit-of-physiology\/"]}]},{"@type":"ImageObject","inLanguage":"fr-FR","@id":"https:\/\/naturalfoie.com\/natural-foie-a-bit-of-physiology\/#primaryimage","url":"https:\/\/naturalfoie.com\/wp-content\/uploads\/2024\/11\/Patos-en-Libertad-para-Foie-Gras-Etico-Sabor-Autentico-del-Foie-Gras-Natural-Foie.webp","contentUrl":"https:\/\/naturalfoie.com\/wp-content\/uploads\/2024\/11\/Patos-en-Libertad-para-Foie-Gras-Etico-Sabor-Autentico-del-Foie-Gras-Natural-Foie.webp","width":2000,"height":919,"caption":"Patos en Libertad para Foie Gras \u00c9tico-Sabor Aut\u00e9ntico del Foie Gras Natural Foie"},{"@type":"BreadcrumbList","@id":"https:\/\/naturalfoie.com\/natural-foie-a-bit-of-physiology\/#breadcrumb","itemListElement":[{"@type":"ListItem","position":1,"name":"Portada","item":"https:\/\/naturalfoie.com\/fr\/"},{"@type":"ListItem","position":2,"name":"Foie Naturel &#8211; Un peu de physiologie&#8230;"}]},{"@type":"WebSite","@id":"https:\/\/naturalfoie.com\/#website","url":"https:\/\/naturalfoie.com\/","name":"Natural Foie","description":"Plataforma de difusi\u00f3n del foie sin alimentaci\u00f3n forzada. \u00danete a nosotros.","publisher":{"@id":"https:\/\/naturalfoie.com\/#organization"},"potentialAction":[{"@type":"SearchAction","target":{"@type":"EntryPoint","urlTemplate":"https:\/\/naturalfoie.com\/?s={search_term_string}"},"query-input":{"@type":"PropertyValueSpecification","valueRequired":true,"valueName":"search_term_string"}}],"inLanguage":"fr-FR"},{"@type":"Organization","@id":"https:\/\/naturalfoie.com\/#organization","name":"Natural Foie","url":"https:\/\/naturalfoie.com\/","logo":{"@type":"ImageObject","inLanguage":"fr-FR","@id":"https:\/\/naturalfoie.com\/#\/schema\/logo\/image\/","url":"https:\/\/naturalfoie.com\/wp-content\/uploads\/2024\/11\/logo-natural-foie_NEGRO.jpg","contentUrl":"https:\/\/naturalfoie.com\/wp-content\/uploads\/2024\/11\/logo-natural-foie_NEGRO.jpg","width":1500,"height":232,"caption":"Natural Foie"},"image":{"@id":"https:\/\/naturalfoie.com\/#\/schema\/logo\/image\/"},"sameAs":["https:\/\/www.instagram.com\/natural.foie\/"]}]}},"_links":{"self":[{"href":"https:\/\/naturalfoie.com\/fr\/wp-json\/wp\/v2\/pages\/4124","targetHints":{"allow":["GET"]}}],"collection":[{"href":"https:\/\/naturalfoie.com\/fr\/wp-json\/wp\/v2\/pages"}],"about":[{"href":"https:\/\/naturalfoie.com\/fr\/wp-json\/wp\/v2\/types\/page"}],"author":[{"embeddable":true,"href":"https:\/\/naturalfoie.com\/fr\/wp-json\/wp\/v2\/users\/3"}],"replies":[{"embeddable":true,"href":"https:\/\/naturalfoie.com\/fr\/wp-json\/wp\/v2\/comments?post=4124"}],"version-history":[{"count":0,"href":"https:\/\/naturalfoie.com\/fr\/wp-json\/wp\/v2\/pages\/4124\/revisions"}],"wp:featuredmedia":[{"embeddable":true,"href":"https:\/\/naturalfoie.com\/fr\/wp-json\/wp\/v2\/media\/4058"}],"wp:attachment":[{"href":"https:\/\/naturalfoie.com\/fr\/wp-json\/wp\/v2\/media?parent=4124"}],"curies":[{"name":"wp","href":"https:\/\/api.w.org\/{rel}","templated":true}]}}