{"id":3997,"date":"2024-11-29T14:46:19","date_gmt":"2024-11-29T13:46:19","guid":{"rendered":"http:\/\/naturalfoie.com\/?page_id=3997"},"modified":"2024-12-13T12:33:03","modified_gmt":"2024-12-13T11:33:03","slug":"foie-natural-un-poco-de-fisiologia","status":"publish","type":"page","link":"https:\/\/naturalfoie.com\/es\/foie-natural-un-poco-de-fisiologia\/","title":{"rendered":"Foie Natural &#8211; Un poco de Fisiolog\u00eda&#8230;"},"content":{"rendered":"<div class=\"wpb-content-wrapper\"><p>[vc_row][vc_column]\n\t<div class=\"title-subtitle-box  \" style=\" text-align: center;\">\n\t\t<h2 style=\" font-weight: normal;\" class=\"special-title\" >\n\t\t<span class=\"toptitle\" style=\"\">Cuando pruebes el foie natural, algunos de los dem\u00e1s foies te parecer\u00e1n mantequilla barata<\/span>Foie sin alimentaci\u00f3n forzada<\/h2>\n\t<\/div> [vc_row_inner][vc_column_inner css=\u00bb.vc_custom_1733915622954{padding-right: 5% !important;padding-left: 5% !important;}\u00bb][vc_column_text]<\/p>\n<p style=\"text-align: center;\">La obtenci\u00f3n de foie sin alimentaci\u00f3n forzada es un proceso lento. Sin prisas. En invierno, algunas palm\u00edpedas salvajes acumulan naturalmente energ\u00eda en forma de grasa en su cuerpo y en su h\u00edgado. Con la llegada del fr\u00edo aumentan poco a poco su ritmo de alimentaci\u00f3n y comienzan a depositar grasa subcut\u00e1nea, despu\u00e9s grasa intramuscular y por \u00faltimo peque\u00f1as bolitas de grasa en el interior de las c\u00e9lulas de su h\u00edgado. Es el foie naturalmente graso. Un peque\u00f1o tesoro.<\/p>\n<p style=\"text-align: center;\">Los productores de foie convencional aceleran este proceso mediante la alimentaci\u00f3n forzada en jaulas utilizando embudos de alimentaci\u00f3n y consiguiendo r\u00e1pidamente h\u00edgados grasos enormes, debilitados por la velocidad y la intensidad del cebo. Con este proceso antinatural, las c\u00e9lulas hep\u00e1ticas (hepatocitos) forman una vacuola de grasa gigantesca en su interior, algo que debilita y llega a romper la pared celular. A este proceso se le denomina <strong>esteatosis macrovesicular<\/strong>. Al cocinarlos, estos foies de casi 1 kilo de peso frecuentemente se funden, liberando su grasa r\u00e1pidamente en la sart\u00e9n por la ruptura por el calor de una pared celular muy debilitada o rota. Cuanto m\u00e1s r\u00e1pido ha sido el cebo, menos calidad tiene el foie y m\u00e1s funde al cocinarlo. Debido a la velocidad y violencia del cebo forzado, es frecuente que una parte de los patos y ocas no resistan la presi\u00f3n, decaigan f\u00edsica y mentalmente y se bloqueen a pesar de los aditivos que se les suministran para evitarlo (antidiarreicos, lubricantes, reguladores de PH\u2026 etc).<\/p>\n<p style=\"text-align: center;\">El foie natural es la vuelta a los or\u00edgenes del foie gras. Se obtiene en invierno de patos y ocas en completa libertad, sin recurrir a la alimentaci\u00f3n forzada. Es m\u00e1s peque\u00f1o (inferior a 400 g), tiene menos grasa que el forzado y ofrece aromas y matices \u00fanicos en su degustaci\u00f3n: la acumulaci\u00f3n de grasa en sus c\u00e9lulas es m\u00e1s lenta y natural, en un proceso denominado <strong>esteatosis microvesicular<\/strong>, por el que forman m\u00faltiples peque\u00f1as vacuolas de grasa que no da\u00f1an la pared celular. Como resultado, funde menos al cocinarlo. Una pepita de oro en el mercado del foie gr<\/p>\n<p>[\/vc_column_text][\/vc_column_inner][\/vc_row_inner][\/vc_column][\/vc_row][vc_row][vc_column]\n\t<div class=\"title-subtitle-box  \" style=\" text-align: center;\">\n\t\t<h2 style=\" font-weight: normal;\" class=\"special-title\" >Comparativa Foie<\/h2>\n\t\t<span class=\"gg-horizontal-line\"><\/span>\n\t<\/div> [\/vc_column][vc_column width=\u00bb1\/3&#8243;][vc_single_image image=\u00bb4019&#8243; img_size=\u00bbfull\u00bb alignment=\u00bbcenter\u00bb][\/vc_column][vc_column width=\u00bb1\/3&#8243;][vc_single_image image=\u00bb4017&#8243; img_size=\u00bbfull\u00bb alignment=\u00bbcenter\u00bb][\/vc_column][vc_column width=\u00bb1\/3&#8243;][vc_single_image image=\u00bb4018&#8243; img_size=\u00bbfull\u00bb alignment=\u00bbcenter\u00bb][\/vc_column][\/vc_row]<\/p>\n<\/div>","protected":false},"excerpt":{"rendered":"<p>[vc_row][vc_column][vc_row_inner][vc_column_inner css=\u00bb.vc_custom_1733915622954{padding-right: 5% !important;padding-left: 5% !important;}\u00bb][vc_column_text] La obtenci\u00f3n de foie sin alimentaci\u00f3n forzada es un proceso lento. Sin prisas. En invierno, algunas palm\u00edpedas salvajes acumulan naturalmente energ\u00eda en forma de grasa en su cuerpo y en su h\u00edgado. Con la llegada del fr\u00edo aumentan poco a poco su ritmo de alimentaci\u00f3n y comienzan a depositar<\/p>\n<p class=\"more-link-wrapper\"><a class=\"btn btn-primary\" href=\"https:\/\/naturalfoie.com\/es\/foie-natural-un-poco-de-fisiologia\/\">Read More<\/a><\/p>\n","protected":false},"author":3,"featured_media":3875,"parent":0,"menu_order":0,"comment_status":"closed","ping_status":"closed","template":"","meta":{"_acf_changed":false,"footnotes":""},"class_list":["post-3997","page","type-page","status-publish","has-post-thumbnail","hentry","has_thumb"],"acf":[],"yoast_head":"<!-- This site is optimized with the Yoast SEO plugin v26.8 - https:\/\/yoast.com\/product\/yoast-seo-wordpress\/ -->\n<title>Foie Natural vs Alimentaci\u00f3n Forzada: Verdadero Foie<\/title>\n<meta name=\"description\" content=\"Aprende las diferencias entre el foie natural y el foie forzado. Descubre c\u00f3mo el foie sin alimentaci\u00f3n forzada preserva su calidad y sabor\" \/>\n<meta name=\"robots\" content=\"index, follow, max-snippet:-1, max-image-preview:large, max-video-preview:-1\" \/>\n<link rel=\"canonical\" href=\"https:\/\/naturalfoie.com\/natural-foie-a-bit-of-physiology\/\" \/>\n<meta property=\"og:locale\" content=\"es_ES\" \/>\n<meta property=\"og:type\" content=\"article\" \/>\n<meta property=\"og:title\" content=\"Foie Natural vs Alimentaci\u00f3n Forzada: Verdadero Foie\" \/>\n<meta property=\"og:description\" content=\"Aprende las diferencias entre el foie natural y el foie forzado. Descubre c\u00f3mo el foie sin alimentaci\u00f3n forzada preserva su calidad y sabor\" \/>\n<meta property=\"og:url\" content=\"https:\/\/naturalfoie.com\/natural-foie-a-bit-of-physiology\/\" \/>\n<meta property=\"og:site_name\" content=\"Natural Foie\" \/>\n<meta property=\"article:modified_time\" content=\"2024-12-13T11:33:03+00:00\" \/>\n<meta property=\"og:image\" content=\"https:\/\/naturalfoie.com\/wp-content\/uploads\/2024\/11\/Patos-en-Libertad-para-Foie-Gras-Etico-Sabor-Autentico-del-Foie-Gras-Natural-Foie.webp\" \/>\n\t<meta property=\"og:image:width\" content=\"2000\" \/>\n\t<meta property=\"og:image:height\" content=\"919\" \/>\n\t<meta property=\"og:image:type\" content=\"image\/webp\" \/>\n<meta name=\"twitter:card\" content=\"summary_large_image\" \/>\n<meta name=\"twitter:label1\" content=\"Tiempo de lectura\" \/>\n\t<meta name=\"twitter:data1\" content=\"2 minutos\" \/>\n<script type=\"application\/ld+json\" class=\"yoast-schema-graph\">{\"@context\":\"https:\/\/schema.org\",\"@graph\":[{\"@type\":\"WebPage\",\"@id\":\"https:\/\/naturalfoie.com\/natural-foie-a-bit-of-physiology\/\",\"url\":\"https:\/\/naturalfoie.com\/natural-foie-a-bit-of-physiology\/\",\"name\":\"Foie Natural vs Alimentaci\u00f3n Forzada: Verdadero Foie\",\"isPartOf\":{\"@id\":\"https:\/\/naturalfoie.com\/#website\"},\"primaryImageOfPage\":{\"@id\":\"https:\/\/naturalfoie.com\/natural-foie-a-bit-of-physiology\/#primaryimage\"},\"image\":{\"@id\":\"https:\/\/naturalfoie.com\/natural-foie-a-bit-of-physiology\/#primaryimage\"},\"thumbnailUrl\":\"https:\/\/naturalfoie.com\/wp-content\/uploads\/2024\/11\/Patos-en-Libertad-para-Foie-Gras-Etico-Sabor-Autentico-del-Foie-Gras-Natural-Foie.webp\",\"datePublished\":\"2024-11-29T13:46:19+00:00\",\"dateModified\":\"2024-12-13T11:33:03+00:00\",\"description\":\"Aprende las diferencias entre el foie natural y el foie forzado. Descubre c\u00f3mo el foie sin alimentaci\u00f3n forzada preserva su calidad y sabor\",\"breadcrumb\":{\"@id\":\"https:\/\/naturalfoie.com\/natural-foie-a-bit-of-physiology\/#breadcrumb\"},\"inLanguage\":\"es\",\"potentialAction\":[{\"@type\":\"ReadAction\",\"target\":[\"https:\/\/naturalfoie.com\/natural-foie-a-bit-of-physiology\/\"]}]},{\"@type\":\"ImageObject\",\"inLanguage\":\"es\",\"@id\":\"https:\/\/naturalfoie.com\/natural-foie-a-bit-of-physiology\/#primaryimage\",\"url\":\"https:\/\/naturalfoie.com\/wp-content\/uploads\/2024\/11\/Patos-en-Libertad-para-Foie-Gras-Etico-Sabor-Autentico-del-Foie-Gras-Natural-Foie.webp\",\"contentUrl\":\"https:\/\/naturalfoie.com\/wp-content\/uploads\/2024\/11\/Patos-en-Libertad-para-Foie-Gras-Etico-Sabor-Autentico-del-Foie-Gras-Natural-Foie.webp\",\"width\":2000,\"height\":919,\"caption\":\"Patos en Libertad para Foie Gras \u00c9tico-Sabor Aut\u00e9ntico del Foie Gras Natural Foie\"},{\"@type\":\"BreadcrumbList\",\"@id\":\"https:\/\/naturalfoie.com\/natural-foie-a-bit-of-physiology\/#breadcrumb\",\"itemListElement\":[{\"@type\":\"ListItem\",\"position\":1,\"name\":\"Portada\",\"item\":\"https:\/\/naturalfoie.com\/es\/\"},{\"@type\":\"ListItem\",\"position\":2,\"name\":\"Foie Natural &#8211; Un poco de Fisiolog\u00eda&#8230;\"}]},{\"@type\":\"WebSite\",\"@id\":\"https:\/\/naturalfoie.com\/#website\",\"url\":\"https:\/\/naturalfoie.com\/\",\"name\":\"Natural Foie\",\"description\":\"Plataforma de difusi\u00f3n del foie sin alimentaci\u00f3n forzada. \u00danete a nosotros.\",\"publisher\":{\"@id\":\"https:\/\/naturalfoie.com\/#organization\"},\"potentialAction\":[{\"@type\":\"SearchAction\",\"target\":{\"@type\":\"EntryPoint\",\"urlTemplate\":\"https:\/\/naturalfoie.com\/?s={search_term_string}\"},\"query-input\":{\"@type\":\"PropertyValueSpecification\",\"valueRequired\":true,\"valueName\":\"search_term_string\"}}],\"inLanguage\":\"es\"},{\"@type\":\"Organization\",\"@id\":\"https:\/\/naturalfoie.com\/#organization\",\"name\":\"Natural Foie\",\"url\":\"https:\/\/naturalfoie.com\/\",\"logo\":{\"@type\":\"ImageObject\",\"inLanguage\":\"es\",\"@id\":\"https:\/\/naturalfoie.com\/#\/schema\/logo\/image\/\",\"url\":\"https:\/\/naturalfoie.com\/wp-content\/uploads\/2024\/11\/logo-natural-foie_NEGRO.jpg\",\"contentUrl\":\"https:\/\/naturalfoie.com\/wp-content\/uploads\/2024\/11\/logo-natural-foie_NEGRO.jpg\",\"width\":1500,\"height\":232,\"caption\":\"Natural Foie\"},\"image\":{\"@id\":\"https:\/\/naturalfoie.com\/#\/schema\/logo\/image\/\"},\"sameAs\":[\"https:\/\/www.instagram.com\/natural.foie\/\"]}]}<\/script>\n<!-- \/ Yoast SEO plugin. -->","yoast_head_json":{"title":"Foie Natural vs Alimentaci\u00f3n Forzada: Verdadero Foie","description":"Aprende las diferencias entre el foie natural y el foie forzado. Descubre c\u00f3mo el foie sin alimentaci\u00f3n forzada preserva su calidad y sabor","robots":{"index":"index","follow":"follow","max-snippet":"max-snippet:-1","max-image-preview":"max-image-preview:large","max-video-preview":"max-video-preview:-1"},"canonical":"https:\/\/naturalfoie.com\/natural-foie-a-bit-of-physiology\/","og_locale":"es_ES","og_type":"article","og_title":"Foie Natural vs Alimentaci\u00f3n Forzada: Verdadero Foie","og_description":"Aprende las diferencias entre el foie natural y el foie forzado. Descubre c\u00f3mo el foie sin alimentaci\u00f3n forzada preserva su calidad y sabor","og_url":"https:\/\/naturalfoie.com\/natural-foie-a-bit-of-physiology\/","og_site_name":"Natural Foie","article_modified_time":"2024-12-13T11:33:03+00:00","og_image":[{"width":2000,"height":919,"url":"https:\/\/naturalfoie.com\/wp-content\/uploads\/2024\/11\/Patos-en-Libertad-para-Foie-Gras-Etico-Sabor-Autentico-del-Foie-Gras-Natural-Foie.webp","type":"image\/webp"}],"twitter_card":"summary_large_image","twitter_misc":{"Tiempo de lectura":"2 minutos"},"schema":{"@context":"https:\/\/schema.org","@graph":[{"@type":"WebPage","@id":"https:\/\/naturalfoie.com\/natural-foie-a-bit-of-physiology\/","url":"https:\/\/naturalfoie.com\/natural-foie-a-bit-of-physiology\/","name":"Foie Natural vs Alimentaci\u00f3n Forzada: Verdadero Foie","isPartOf":{"@id":"https:\/\/naturalfoie.com\/#website"},"primaryImageOfPage":{"@id":"https:\/\/naturalfoie.com\/natural-foie-a-bit-of-physiology\/#primaryimage"},"image":{"@id":"https:\/\/naturalfoie.com\/natural-foie-a-bit-of-physiology\/#primaryimage"},"thumbnailUrl":"https:\/\/naturalfoie.com\/wp-content\/uploads\/2024\/11\/Patos-en-Libertad-para-Foie-Gras-Etico-Sabor-Autentico-del-Foie-Gras-Natural-Foie.webp","datePublished":"2024-11-29T13:46:19+00:00","dateModified":"2024-12-13T11:33:03+00:00","description":"Aprende las diferencias entre el foie natural y el foie forzado. Descubre c\u00f3mo el foie sin alimentaci\u00f3n forzada preserva su calidad y sabor","breadcrumb":{"@id":"https:\/\/naturalfoie.com\/natural-foie-a-bit-of-physiology\/#breadcrumb"},"inLanguage":"es","potentialAction":[{"@type":"ReadAction","target":["https:\/\/naturalfoie.com\/natural-foie-a-bit-of-physiology\/"]}]},{"@type":"ImageObject","inLanguage":"es","@id":"https:\/\/naturalfoie.com\/natural-foie-a-bit-of-physiology\/#primaryimage","url":"https:\/\/naturalfoie.com\/wp-content\/uploads\/2024\/11\/Patos-en-Libertad-para-Foie-Gras-Etico-Sabor-Autentico-del-Foie-Gras-Natural-Foie.webp","contentUrl":"https:\/\/naturalfoie.com\/wp-content\/uploads\/2024\/11\/Patos-en-Libertad-para-Foie-Gras-Etico-Sabor-Autentico-del-Foie-Gras-Natural-Foie.webp","width":2000,"height":919,"caption":"Patos en Libertad para Foie Gras \u00c9tico-Sabor Aut\u00e9ntico del Foie Gras Natural Foie"},{"@type":"BreadcrumbList","@id":"https:\/\/naturalfoie.com\/natural-foie-a-bit-of-physiology\/#breadcrumb","itemListElement":[{"@type":"ListItem","position":1,"name":"Portada","item":"https:\/\/naturalfoie.com\/es\/"},{"@type":"ListItem","position":2,"name":"Foie Natural &#8211; Un poco de Fisiolog\u00eda&#8230;"}]},{"@type":"WebSite","@id":"https:\/\/naturalfoie.com\/#website","url":"https:\/\/naturalfoie.com\/","name":"Natural Foie","description":"Plataforma de difusi\u00f3n del foie sin alimentaci\u00f3n forzada. \u00danete a nosotros.","publisher":{"@id":"https:\/\/naturalfoie.com\/#organization"},"potentialAction":[{"@type":"SearchAction","target":{"@type":"EntryPoint","urlTemplate":"https:\/\/naturalfoie.com\/?s={search_term_string}"},"query-input":{"@type":"PropertyValueSpecification","valueRequired":true,"valueName":"search_term_string"}}],"inLanguage":"es"},{"@type":"Organization","@id":"https:\/\/naturalfoie.com\/#organization","name":"Natural Foie","url":"https:\/\/naturalfoie.com\/","logo":{"@type":"ImageObject","inLanguage":"es","@id":"https:\/\/naturalfoie.com\/#\/schema\/logo\/image\/","url":"https:\/\/naturalfoie.com\/wp-content\/uploads\/2024\/11\/logo-natural-foie_NEGRO.jpg","contentUrl":"https:\/\/naturalfoie.com\/wp-content\/uploads\/2024\/11\/logo-natural-foie_NEGRO.jpg","width":1500,"height":232,"caption":"Natural Foie"},"image":{"@id":"https:\/\/naturalfoie.com\/#\/schema\/logo\/image\/"},"sameAs":["https:\/\/www.instagram.com\/natural.foie\/"]}]}},"_links":{"self":[{"href":"https:\/\/naturalfoie.com\/es\/wp-json\/wp\/v2\/pages\/3997","targetHints":{"allow":["GET"]}}],"collection":[{"href":"https:\/\/naturalfoie.com\/es\/wp-json\/wp\/v2\/pages"}],"about":[{"href":"https:\/\/naturalfoie.com\/es\/wp-json\/wp\/v2\/types\/page"}],"author":[{"embeddable":true,"href":"https:\/\/naturalfoie.com\/es\/wp-json\/wp\/v2\/users\/3"}],"replies":[{"embeddable":true,"href":"https:\/\/naturalfoie.com\/es\/wp-json\/wp\/v2\/comments?post=3997"}],"version-history":[{"count":0,"href":"https:\/\/naturalfoie.com\/es\/wp-json\/wp\/v2\/pages\/3997\/revisions"}],"wp:featuredmedia":[{"embeddable":true,"href":"https:\/\/naturalfoie.com\/es\/wp-json\/wp\/v2\/media\/3875"}],"wp:attachment":[{"href":"https:\/\/naturalfoie.com\/es\/wp-json\/wp\/v2\/media?parent=3997"}],"curies":[{"name":"wp","href":"https:\/\/api.w.org\/{rel}","templated":true}]}}