{"id":3895,"date":"2024-11-12T16:32:12","date_gmt":"2024-11-12T15:32:12","guid":{"rendered":"http:\/\/naturalfoie.com\/?page_id=3895"},"modified":"2024-11-13T15:13:34","modified_gmt":"2024-11-13T14:13:34","slug":"aviso-legal","status":"publish","type":"page","link":"https:\/\/naturalfoie.com\/es\/aviso-legal\/","title":{"rendered":"Aviso Legal"},"content":{"rendered":"\n<p>DIEGO RUIZ-LABOURDETTE GARAU, con 50859059X (NIF), direcci\u00f3n C\/ ALCAL\u00c1 78. CP 28009, no puede asumir ninguna responsabilidad derivada del uso incorrecto, inapropiado o il\u00edcito de la informaci\u00f3n aparecida en las p\u00e1ginas de Internet de <a href=\"http:\/\/www.miweb.es\">www.naturalfoie.com<\/a><\/p>\n\n\n\n<p><strong>Responsabilidad sobre los enlaces externos<\/strong>:<\/p>\n\n\n\n<p>Las p\u00e1ginas de Internet de <a href=\"http:\/\/www.miweb.es\">www.naturalfoie.com<\/a> &nbsp;pueden contener enlaces a otros sitios de terceros <a href=\"http:\/\/www.miweb.es\">www.naturalfoie.com<\/a> no se hace responsable del contenido de estos sitios externos ni de sus pol\u00edticas de privacidad y cookies. El usuario accede bajo su propia responsabilidad y debe revisar los t\u00e9rminos de uso de los sitios enlazados.<\/p>\n\n\n\n<p>Con los l\u00edmites establecidos en la ley, www.naturalfoie.com no asume ninguna responsabilidad derivada de la falta de veracidad, integridad, actualizaci\u00f3n y precisi\u00f3n de los datos o informaciones que se contienen en sus p\u00e1ginas de Internet.<\/p>\n\n\n\n<p>Los contenidos e informaci\u00f3n no vinculan a www.naturalfoie.com ni constituyen opiniones, consejos o asesoramiento legal de ning\u00fan tipo pues se trata meramente de un servicio ofrecido con car\u00e1cter informativo y divulgativo.<\/p>\n\n\n\n<p>Las p\u00e1ginas de Internet de www.naturalfoie.com pueden contener enlaces (links) a otras p\u00e1ginas de terceras partes que www.naturalfoie.com no puede controlar. Por lo tanto, www.naturalfoie.com no puede asumir responsabilidades por el contenido que pueda aparecer en p\u00e1ginas de terceros.<\/p>\n\n\n\n<p>Los textos, im\u00e1genes, sonidos, animaciones, software y el resto de los contenidos incluidos en este sitio web son propiedad exclusiva de www.naturalfoie.com o sus licenciantes. Cualquier acto de transmisi\u00f3n, distribuci\u00f3n, cesi\u00f3n, reproducci\u00f3n, almacenamiento o comunicaci\u00f3n p\u00fablica total o parcial, debe contar con el consentimiento expreso de <a href=\"http:\/\/www.miweb.es\">www.naturalfoie.com<\/a>.<\/p>\n\n\n\n<p>Asimismo, para acceder a algunos de los servicios que www.naturalfoie.com ofrece a trav\u00e9s del sitio web deber\u00e1 proporcionar algunos datos de car\u00e1cter personal. En cumplimiento de lo establecido en la Ley Org\u00e1nica 15\/1999, de 13 de diciembre, de Protecci\u00f3n de Datos de Car\u00e1cter Personal le informamos que, mediante la cumplimentaci\u00f3n de los presentes formularios, sus datos personales quedar\u00e1n incorporados y ser\u00e1n tratados en los ficheros de Diego Ruiz-Labourdette Garau con el fin de poderle prestar y ofrecer nuestros servicios, as\u00ed como para informarle de las mejoras del sitio Web. Asimismo, le informamos de la posibilidad de que ejerza los derechos de acceso, rectificaci\u00f3n, cancelaci\u00f3n y oposici\u00f3n de sus datos de car\u00e1cter personal, manera gratuita mediante email a info@naturalfoie.com o en la direcci\u00f3n C\/ ALCAL\u00c1 78. CP 28009.<\/p>\n","protected":false},"excerpt":{"rendered":"<p>DIEGO RUIZ-LABOURDETTE GARAU, con 50859059X (NIF), direcci\u00f3n C\/ ALCAL\u00c1 78. CP 28009, no puede asumir ninguna responsabilidad derivada del uso incorrecto, inapropiado o il\u00edcito de la informaci\u00f3n aparecida en las p\u00e1ginas de Internet de www.naturalfoie.com Responsabilidad sobre los enlaces externos: Las p\u00e1ginas de Internet de www.naturalfoie.com &nbsp;pueden contener enlaces a otros sitios de terceros www.naturalfoie.com<\/p>\n<p class=\"more-link-wrapper\"><a class=\"btn btn-primary\" href=\"https:\/\/naturalfoie.com\/es\/aviso-legal\/\">Read More<\/a><\/p>\n","protected":false},"author":3,"featured_media":0,"parent":0,"menu_order":0,"comment_status":"closed","ping_status":"closed","template":"","meta":{"_acf_changed":false,"footnotes":""},"class_list":["post-3895","page","type-page","status-publish","hentry"],"acf":[],"yoast_head":"<!-- This site is optimized with the Yoast SEO plugin v26.8 - https:\/\/yoast.com\/product\/yoast-seo-wordpress\/ -->\n<title>Aviso Legal - Natural Foie - Informaci\u00f3n Legal y Normativas<\/title>\n<meta name=\"description\" content=\"Accede a los textos legales de Natural Foie y revisa nuestras condiciones de uso para una navegaci\u00f3n segura y transparente.\" \/>\n<meta name=\"robots\" content=\"noindex, follow\" \/>\n<meta property=\"og:locale\" content=\"es_ES\" \/>\n<meta property=\"og:type\" content=\"article\" \/>\n<meta property=\"og:title\" content=\"Aviso Legal - Natural Foie - Informaci\u00f3n Legal y Normativas\" \/>\n<meta property=\"og:description\" content=\"Accede a los textos legales de Natural Foie y revisa nuestras condiciones de uso para una navegaci\u00f3n segura y transparente.\" \/>\n<meta property=\"og:url\" content=\"https:\/\/naturalfoie.com\/legal-notice\/\" \/>\n<meta property=\"og:site_name\" content=\"Natural Foie\" \/>\n<meta property=\"article:modified_time\" content=\"2024-11-13T14:13:34+00:00\" \/>\n<meta name=\"twitter:card\" content=\"summary_large_image\" \/>\n<meta name=\"twitter:label1\" content=\"Tiempo de lectura\" \/>\n\t<meta name=\"twitter:data1\" content=\"2 minutos\" \/>\n<script type=\"application\/ld+json\" class=\"yoast-schema-graph\">{\"@context\":\"https:\/\/schema.org\",\"@graph\":[{\"@type\":\"WebPage\",\"@id\":\"https:\/\/naturalfoie.com\/legal-notice\/\",\"url\":\"https:\/\/naturalfoie.com\/legal-notice\/\",\"name\":\"Aviso Legal - Natural Foie - Informaci\u00f3n Legal y Normativas\",\"isPartOf\":{\"@id\":\"https:\/\/naturalfoie.com\/#website\"},\"datePublished\":\"2024-11-12T15:32:12+00:00\",\"dateModified\":\"2024-11-13T14:13:34+00:00\",\"description\":\"Accede a los textos legales de Natural Foie y revisa nuestras condiciones de uso para una navegaci\u00f3n segura y transparente.\",\"breadcrumb\":{\"@id\":\"https:\/\/naturalfoie.com\/legal-notice\/#breadcrumb\"},\"inLanguage\":\"es\",\"potentialAction\":[{\"@type\":\"ReadAction\",\"target\":[\"https:\/\/naturalfoie.com\/legal-notice\/\"]}]},{\"@type\":\"BreadcrumbList\",\"@id\":\"https:\/\/naturalfoie.com\/legal-notice\/#breadcrumb\",\"itemListElement\":[{\"@type\":\"ListItem\",\"position\":1,\"name\":\"Portada\",\"item\":\"https:\/\/naturalfoie.com\/es\/\"},{\"@type\":\"ListItem\",\"position\":2,\"name\":\"Aviso Legal\"}]},{\"@type\":\"WebSite\",\"@id\":\"https:\/\/naturalfoie.com\/#website\",\"url\":\"https:\/\/naturalfoie.com\/\",\"name\":\"Natural Foie\",\"description\":\"Plataforma de difusi\u00f3n del foie sin alimentaci\u00f3n forzada. \u00danete a nosotros.\",\"publisher\":{\"@id\":\"https:\/\/naturalfoie.com\/#organization\"},\"potentialAction\":[{\"@type\":\"SearchAction\",\"target\":{\"@type\":\"EntryPoint\",\"urlTemplate\":\"https:\/\/naturalfoie.com\/?s={search_term_string}\"},\"query-input\":{\"@type\":\"PropertyValueSpecification\",\"valueRequired\":true,\"valueName\":\"search_term_string\"}}],\"inLanguage\":\"es\"},{\"@type\":\"Organization\",\"@id\":\"https:\/\/naturalfoie.com\/#organization\",\"name\":\"Natural Foie\",\"url\":\"https:\/\/naturalfoie.com\/\",\"logo\":{\"@type\":\"ImageObject\",\"inLanguage\":\"es\",\"@id\":\"https:\/\/naturalfoie.com\/#\/schema\/logo\/image\/\",\"url\":\"https:\/\/naturalfoie.com\/wp-content\/uploads\/2024\/11\/logo-natural-foie_NEGRO.jpg\",\"contentUrl\":\"https:\/\/naturalfoie.com\/wp-content\/uploads\/2024\/11\/logo-natural-foie_NEGRO.jpg\",\"width\":1500,\"height\":232,\"caption\":\"Natural Foie\"},\"image\":{\"@id\":\"https:\/\/naturalfoie.com\/#\/schema\/logo\/image\/\"},\"sameAs\":[\"https:\/\/www.instagram.com\/natural.foie\/\"]}]}<\/script>\n<!-- \/ Yoast SEO plugin. -->","yoast_head_json":{"title":"Aviso Legal - Natural Foie - Informaci\u00f3n Legal y Normativas","description":"Accede a los textos legales de Natural Foie y revisa nuestras condiciones de uso para una navegaci\u00f3n segura y transparente.","robots":{"index":"noindex","follow":"follow"},"og_locale":"es_ES","og_type":"article","og_title":"Aviso Legal - Natural Foie - Informaci\u00f3n Legal y Normativas","og_description":"Accede a los textos legales de Natural Foie y revisa nuestras condiciones de uso para una navegaci\u00f3n segura y transparente.","og_url":"https:\/\/naturalfoie.com\/legal-notice\/","og_site_name":"Natural Foie","article_modified_time":"2024-11-13T14:13:34+00:00","twitter_card":"summary_large_image","twitter_misc":{"Tiempo de lectura":"2 minutos"},"schema":{"@context":"https:\/\/schema.org","@graph":[{"@type":"WebPage","@id":"https:\/\/naturalfoie.com\/legal-notice\/","url":"https:\/\/naturalfoie.com\/legal-notice\/","name":"Aviso Legal - Natural Foie - Informaci\u00f3n Legal y Normativas","isPartOf":{"@id":"https:\/\/naturalfoie.com\/#website"},"datePublished":"2024-11-12T15:32:12+00:00","dateModified":"2024-11-13T14:13:34+00:00","description":"Accede a los textos legales de Natural Foie y revisa nuestras condiciones de uso para una navegaci\u00f3n segura y transparente.","breadcrumb":{"@id":"https:\/\/naturalfoie.com\/legal-notice\/#breadcrumb"},"inLanguage":"es","potentialAction":[{"@type":"ReadAction","target":["https:\/\/naturalfoie.com\/legal-notice\/"]}]},{"@type":"BreadcrumbList","@id":"https:\/\/naturalfoie.com\/legal-notice\/#breadcrumb","itemListElement":[{"@type":"ListItem","position":1,"name":"Portada","item":"https:\/\/naturalfoie.com\/es\/"},{"@type":"ListItem","position":2,"name":"Aviso Legal"}]},{"@type":"WebSite","@id":"https:\/\/naturalfoie.com\/#website","url":"https:\/\/naturalfoie.com\/","name":"Natural Foie","description":"Plataforma de difusi\u00f3n del foie sin alimentaci\u00f3n forzada. \u00danete a nosotros.","publisher":{"@id":"https:\/\/naturalfoie.com\/#organization"},"potentialAction":[{"@type":"SearchAction","target":{"@type":"EntryPoint","urlTemplate":"https:\/\/naturalfoie.com\/?s={search_term_string}"},"query-input":{"@type":"PropertyValueSpecification","valueRequired":true,"valueName":"search_term_string"}}],"inLanguage":"es"},{"@type":"Organization","@id":"https:\/\/naturalfoie.com\/#organization","name":"Natural Foie","url":"https:\/\/naturalfoie.com\/","logo":{"@type":"ImageObject","inLanguage":"es","@id":"https:\/\/naturalfoie.com\/#\/schema\/logo\/image\/","url":"https:\/\/naturalfoie.com\/wp-content\/uploads\/2024\/11\/logo-natural-foie_NEGRO.jpg","contentUrl":"https:\/\/naturalfoie.com\/wp-content\/uploads\/2024\/11\/logo-natural-foie_NEGRO.jpg","width":1500,"height":232,"caption":"Natural Foie"},"image":{"@id":"https:\/\/naturalfoie.com\/#\/schema\/logo\/image\/"},"sameAs":["https:\/\/www.instagram.com\/natural.foie\/"]}]}},"_links":{"self":[{"href":"https:\/\/naturalfoie.com\/es\/wp-json\/wp\/v2\/pages\/3895","targetHints":{"allow":["GET"]}}],"collection":[{"href":"https:\/\/naturalfoie.com\/es\/wp-json\/wp\/v2\/pages"}],"about":[{"href":"https:\/\/naturalfoie.com\/es\/wp-json\/wp\/v2\/types\/page"}],"author":[{"embeddable":true,"href":"https:\/\/naturalfoie.com\/es\/wp-json\/wp\/v2\/users\/3"}],"replies":[{"embeddable":true,"href":"https:\/\/naturalfoie.com\/es\/wp-json\/wp\/v2\/comments?post=3895"}],"version-history":[{"count":0,"href":"https:\/\/naturalfoie.com\/es\/wp-json\/wp\/v2\/pages\/3895\/revisions"}],"wp:attachment":[{"href":"https:\/\/naturalfoie.com\/es\/wp-json\/wp\/v2\/media?parent=3895"}],"curies":[{"name":"wp","href":"https:\/\/api.w.org\/{rel}","templated":true}]}}