{"id":3,"date":"2024-11-11T09:34:03","date_gmt":"2024-11-11T08:34:03","guid":{"rendered":"http:\/\/naturalfoie.com\/?page_id=3"},"modified":"2024-11-13T15:15:05","modified_gmt":"2024-11-13T14:15:05","slug":"politica-privacidad","status":"publish","type":"page","link":"https:\/\/naturalfoie.com\/es\/politica-privacidad\/","title":{"rendered":"Pol\u00edtica de privacidad"},"content":{"rendered":"\n<p>Protecci\u00f3n de datos de car\u00e1cter personal seg\u00fan el RGPD y la LOPDGDD.<\/p>\n\n\n\n<p>Diego ruiz-labourdette garau, en aplicaci\u00f3n de la normativa vigente en materia de protecci\u00f3n de datos personales (Reglamento (UE) 2016\/679 del Parlamento Europeo y del Consejo, de 27 de abril de 2016, relativo a la protecci\u00f3n de las personas f\u00edsicas en lo que respecta al tratamiento de datos personales y a la libre circulaci\u00f3n de estos, y la Ley Org\u00e1nica 3\/2018, de 5 de diciembre, de Protecci\u00f3n de Datos Personales y garant\u00eda de los derechos digitales), informa que los datos personales recabados a trav\u00e9s de los formularios del Sitio web:<strong> <\/strong>www.naturalfoie.com, se incluyen en los ficheros automatizados espec\u00edficos de usuarios de los servicios de Diego Ruiz-Labourdette Garau.<\/p>\n\n\n\n<p><strong>Finalidad del tratamiento de los datos personales:<\/strong><\/p>\n\n\n\n<p><strong>\u00bfCon qu\u00e9 finalidad trataremos tus datos personales?<\/strong><\/p>\n\n\n\n<p>En Diego Ruiz-Labourdette Garau, trataremos tus datos personales recabados a trav\u00e9s del Sitio Web, con las siguientes finalidades:<\/p>\n\n\n\n<ol class=\"wp-block-list\">\n<li>En caso de contrataci\u00f3n de los bienes y servicios ofertados a trav\u00e9s de <a href=\"http:\/\/www.miweb.es\">WWW.NATURALFOIE.COM<\/a>, para mantener la relaci\u00f3n contractual, as\u00ed como la gesti\u00f3n, administraci\u00f3n, informaci\u00f3n, prestaci\u00f3n y mejora del servicio.<\/li>\n\n\n\n<li>Env\u00edo de informaci\u00f3n solicitada a trav\u00e9s de los formularios dispuestos en <a href=\"http:\/\/www.miweb.es\">WWW.NATURALFOIE.COM<\/a>.<\/li>\n\n\n\n<li>Remitir boletines (newsletters), as\u00ed como comunicaciones comerciales de promociones y\/o publicidad de Diego Ruiz-Labourdette Garau y del sector.<\/li>\n<\/ol>\n\n\n\n<p>Los datos personales facilitados a trav\u00e9s de los formularios del Sitio Web son tratados para la prestaci\u00f3n de los servicios de Diego Ruiz-Labourdette Garau, as\u00ed como para el env\u00edo de comunicaciones comerciales o informativas mediante el uso de la herramienta que dicha compa\u00f1\u00eda facilita.<strong><\/strong><\/p>\n\n\n\n<p><strong>\u00bfDurante cu\u00e1nto tiempo se conservan los datos personales recabados?<\/strong><\/p>\n\n\n\n<p>Los datos personales proporcionados se conservar\u00e1n mientras se mantenga la relaci\u00f3n comercial o no solicites su supresi\u00f3n. En caso de finalizaci\u00f3n de la relaci\u00f3n comercial, los datos se mantendr\u00e1n bloqueados durante el per\u00edodo de prescripci\u00f3n de responsabilidades legales que puedan derivarse de los servicios prestados.<\/p>\n\n\n\n<p><strong>Legitimaci\u00f3n:<\/strong><\/p>\n\n\n\n<p>El tratamiento de tus datos se realiza con las siguientes bases jur\u00eddicas que legitiman el mismo:<\/p>\n\n\n\n<ol class=\"wp-block-list\">\n<li>La solicitud de informaci\u00f3n y\/o la contrataci\u00f3n de los servicios de Diego Ruiz-Labourdette Garau, cuyos t\u00e9rminos y condiciones se pondr\u00e1n a tu disposici\u00f3n en todo caso, de forma previa a una eventual contrataci\u00f3n.<\/li>\n\n\n\n<li>El consentimiento libre, espec\u00edfico, informado e inequ\u00edvoco, en tanto que te informamos poniendo a tu disposici\u00f3n la presente pol\u00edtica de privacidad, que, tras la lectura de la misma, en caso de estar conforme, puedes aceptar mediante una declaraci\u00f3n o una clara acci\u00f3n afirmativa, como el marcado de una casilla dispuesta al efecto.<\/li>\n<\/ol>\n\n\n\n<p>En caso de que no nos facilites tus datos o lo hagas de forma err\u00f3nea o incompleta, no podremos atender tu solicitud, resultando del todo imposible proporcionarte la informaci\u00f3n solicitada o llevar a cabo la contrataci\u00f3n de los servicios.<\/p>\n\n\n\n<p><strong>Destinatarios:<\/strong><\/p>\n\n\n\n<p>Los datos no se comunicar\u00e1n a ning\u00fan tercero ajeno a Diego Ruiz-Labourdette Garau, salvo obligaci\u00f3n legal.<\/p>\n\n\n\n<p>Como encargados de tratamiento, tenemos contratados a los siguientes proveedores de servicios, habi\u00e9ndose comprometido al cumplimiento de las disposiciones normativas, de aplicaci\u00f3n en materia de protecci\u00f3n de datos, en el momento de su contrataci\u00f3n:<\/p>\n\n\n\n<ul class=\"wp-block-list\">\n<li>Diego Ruiz-Labourdette Garau, con domicilio en C\/ ALCAL\u00c1 78. CP 28009, 50859059X (NIF), presta servicios de plataforma innovadora y educativa dedicada a la difusi\u00f3n del foie gras producido sin alimentaci\u00f3n forzada.<\/li>\n<\/ul>\n\n\n\n<p><strong>Datos recopilados por usuarios de los servicios<\/strong><\/p>\n\n\n\n<p>En los casos en que el usuario incluya ficheros con datos de car\u00e1cter personal en los servidores de alojamiento compartido, Diego Ruiz-Labourdette Garau no se hace responsable del incumplimiento por parte del usuario del RGPD.<\/p>\n\n\n\n<p><strong>Retenci\u00f3n de datos en conformidad a la LSSI<\/strong><\/p>\n\n\n\n<p>Diego Ruiz-Labourdette Garau informa de que, como prestador de servicio de alojamiento de datos y en virtud de lo establecido en la Ley 34\/2002 de 11 de julio de Servicios de la Sociedad de la Informaci\u00f3n y de Comercio Electr\u00f3nico (LSSI), retiene por un periodo m\u00e1ximo de 12 meses la informaci\u00f3n imprescindible para identificar el origen de los datos alojados y el momento en que se inici\u00f3 la prestaci\u00f3n del servicio. La retenci\u00f3n de estos datos no afecta al secreto de las comunicaciones y s\u00f3lo podr\u00e1n ser utilizados en el marco de una investigaci\u00f3n criminal o para la salvaguardia de la seguridad p\u00fablica, poni\u00e9ndose a disposici\u00f3n de los jueces y\/o tribunales o del Ministerio que as\u00ed los requiera.<\/p>\n\n\n\n<p><strong>Derechos propiedad intelectual www.naturalfoie.com<\/strong><\/p>\n\n\n\n<p>Diego Ruiz-Labourdette Garau es titular de todos los derechos de autor, propiedad intelectual, industrial, \u00abknow how\u00bb y cuantos otros derechos guardan relaci\u00f3n con los contenidos del sitio web Diego Ruiz-Labourdette Garau y los servicios ofertados en el mismo, as\u00ed como de los programas necesarios para su implementaci\u00f3n y la informaci\u00f3n relacionada.<\/p>\n\n\n\n<p><strong>Propiedad intelectual del software<\/strong><\/p>\n\n\n\n<p>El usuario debe respetar los programas de terceros puestos a su disposici\u00f3n por Diego Ruiz-Labourdette Garau, aun siendo gratuitos y\/o de disposici\u00f3n p\u00fablica. Diego Ruiz-Labourdette Garau dispone de los derechos de explotaci\u00f3n y propiedad intelectual necesarios del software.<\/p>\n\n\n\n<p><strong>Protecci\u00f3n de la informaci\u00f3n alojada<\/strong><\/p>\n\n\n\n<p>Diego Ruiz-Labourdette Garau realiza copias de seguridad de los contenidos alojados en sus servidores, sin embargo, no se responsabiliza de la p\u00e9rdida o el borrado accidental de los datos por parte de los usuarios. De igual manera, no garantiza la reposici\u00f3n total de los datos borrados por los usuarios, ya que los citados datos podr\u00edan haber sido suprimidos y\/o modificados durante el periodo del tiempo transcurrido desde la \u00faltima copia de seguridad. La reposici\u00f3n de datos borrados s\u00f3lo est\u00e1 incluida en el precio del servicio cuando la p\u00e9rdida del contenido sea debida a causas atribuibles a Diego Ruiz-Labourdette Garau.<\/p>\n\n\n\n<p><strong>Comunicaciones comerciales<\/strong><\/p>\n\n\n\n<p>En aplicaci\u00f3n de la LSSI, Diego Ruiz-Labourdette Garau no enviar\u00e1 comunicaciones publicitarias o promocionales por info@naturalfoie.com u otro medio de comunicaci\u00f3n electr\u00f3nica equivalente que previamente no hubieran sido solicitadas o expresamente autorizadas por los destinatarios de estas. En el caso de usuarios con los que exista una relaci\u00f3n contractual previa, Diego Ruiz-Labourdette Garau est\u00e1 autorizado al env\u00edo de comunicaciones comerciales referentes a productos o servicios similares a los inicialmente contratados por el cliente.<\/p>\n","protected":false},"excerpt":{"rendered":"<p>Protecci\u00f3n de datos de car\u00e1cter personal seg\u00fan el RGPD y la LOPDGDD. Diego ruiz-labourdette garau, en aplicaci\u00f3n de la normativa vigente en materia de protecci\u00f3n de datos personales (Reglamento (UE) 2016\/679 del Parlamento Europeo y del Consejo, de 27 de abril de 2016, relativo a la protecci\u00f3n de las personas f\u00edsicas en lo que respecta<\/p>\n<p class=\"more-link-wrapper\"><a class=\"btn btn-primary\" href=\"https:\/\/naturalfoie.com\/es\/politica-privacidad\/\">Read More<\/a><\/p>\n","protected":false},"author":3,"featured_media":0,"parent":0,"menu_order":0,"comment_status":"closed","ping_status":"open","template":"","meta":{"_acf_changed":false,"footnotes":""},"class_list":["post-3","page","type-page","status-publish","hentry"],"acf":[],"yoast_head":"<!-- This site is optimized with the Yoast SEO plugin v26.8 - https:\/\/yoast.com\/product\/yoast-seo-wordpress\/ -->\n<title>Pol\u00edtica de privacidad - Natural Foie - Informaci\u00f3n Legal y Normativas<\/title>\n<meta name=\"description\" content=\"Descubre c\u00f3mo en Natural Foie protegemos y gestionamos tus datos personales para garantizar tu seguridad y privacidad.\" \/>\n<meta name=\"robots\" content=\"noindex, follow\" \/>\n<meta property=\"og:locale\" content=\"es_ES\" \/>\n<meta property=\"og:type\" content=\"article\" \/>\n<meta property=\"og:title\" content=\"Pol\u00edtica de privacidad - Natural Foie - Informaci\u00f3n Legal y Normativas\" \/>\n<meta property=\"og:description\" content=\"Descubre c\u00f3mo en Natural Foie protegemos y gestionamos tus datos personales para garantizar tu seguridad y privacidad.\" \/>\n<meta property=\"og:url\" content=\"https:\/\/naturalfoie.com\/privacy-policy\/\" \/>\n<meta property=\"og:site_name\" content=\"Natural Foie\" \/>\n<meta property=\"article:modified_time\" content=\"2024-11-13T14:15:05+00:00\" \/>\n<meta name=\"twitter:card\" content=\"summary_large_image\" \/>\n<meta name=\"twitter:label1\" content=\"Tiempo de lectura\" \/>\n\t<meta name=\"twitter:data1\" content=\"5 minutos\" \/>\n<script type=\"application\/ld+json\" class=\"yoast-schema-graph\">{\"@context\":\"https:\/\/schema.org\",\"@graph\":[{\"@type\":\"WebPage\",\"@id\":\"https:\/\/naturalfoie.com\/privacy-policy\/\",\"url\":\"https:\/\/naturalfoie.com\/privacy-policy\/\",\"name\":\"Pol\u00edtica de privacidad - Natural Foie - Informaci\u00f3n Legal y Normativas\",\"isPartOf\":{\"@id\":\"https:\/\/naturalfoie.com\/#website\"},\"datePublished\":\"2024-11-11T08:34:03+00:00\",\"dateModified\":\"2024-11-13T14:15:05+00:00\",\"description\":\"Descubre c\u00f3mo en Natural Foie protegemos y gestionamos tus datos personales para garantizar tu seguridad y privacidad.\",\"breadcrumb\":{\"@id\":\"https:\/\/naturalfoie.com\/privacy-policy\/#breadcrumb\"},\"inLanguage\":\"es\",\"potentialAction\":[{\"@type\":\"ReadAction\",\"target\":[\"https:\/\/naturalfoie.com\/privacy-policy\/\"]}]},{\"@type\":\"BreadcrumbList\",\"@id\":\"https:\/\/naturalfoie.com\/privacy-policy\/#breadcrumb\",\"itemListElement\":[{\"@type\":\"ListItem\",\"position\":1,\"name\":\"Portada\",\"item\":\"https:\/\/naturalfoie.com\/es\/\"},{\"@type\":\"ListItem\",\"position\":2,\"name\":\"Pol\u00edtica de privacidad\"}]},{\"@type\":\"WebSite\",\"@id\":\"https:\/\/naturalfoie.com\/#website\",\"url\":\"https:\/\/naturalfoie.com\/\",\"name\":\"Natural Foie\",\"description\":\"Plataforma de difusi\u00f3n del foie sin alimentaci\u00f3n forzada. \u00danete a nosotros.\",\"publisher\":{\"@id\":\"https:\/\/naturalfoie.com\/#organization\"},\"potentialAction\":[{\"@type\":\"SearchAction\",\"target\":{\"@type\":\"EntryPoint\",\"urlTemplate\":\"https:\/\/naturalfoie.com\/?s={search_term_string}\"},\"query-input\":{\"@type\":\"PropertyValueSpecification\",\"valueRequired\":true,\"valueName\":\"search_term_string\"}}],\"inLanguage\":\"es\"},{\"@type\":\"Organization\",\"@id\":\"https:\/\/naturalfoie.com\/#organization\",\"name\":\"Natural Foie\",\"url\":\"https:\/\/naturalfoie.com\/\",\"logo\":{\"@type\":\"ImageObject\",\"inLanguage\":\"es\",\"@id\":\"https:\/\/naturalfoie.com\/#\/schema\/logo\/image\/\",\"url\":\"https:\/\/naturalfoie.com\/wp-content\/uploads\/2024\/11\/logo-natural-foie_NEGRO.jpg\",\"contentUrl\":\"https:\/\/naturalfoie.com\/wp-content\/uploads\/2024\/11\/logo-natural-foie_NEGRO.jpg\",\"width\":1500,\"height\":232,\"caption\":\"Natural Foie\"},\"image\":{\"@id\":\"https:\/\/naturalfoie.com\/#\/schema\/logo\/image\/\"},\"sameAs\":[\"https:\/\/www.instagram.com\/natural.foie\/\"]}]}<\/script>\n<!-- \/ Yoast SEO plugin. -->","yoast_head_json":{"title":"Pol\u00edtica de privacidad - Natural Foie - Informaci\u00f3n Legal y Normativas","description":"Descubre c\u00f3mo en Natural Foie protegemos y gestionamos tus datos personales para garantizar tu seguridad y privacidad.","robots":{"index":"noindex","follow":"follow"},"og_locale":"es_ES","og_type":"article","og_title":"Pol\u00edtica de privacidad - Natural Foie - Informaci\u00f3n Legal y Normativas","og_description":"Descubre c\u00f3mo en Natural Foie protegemos y gestionamos tus datos personales para garantizar tu seguridad y privacidad.","og_url":"https:\/\/naturalfoie.com\/privacy-policy\/","og_site_name":"Natural Foie","article_modified_time":"2024-11-13T14:15:05+00:00","twitter_card":"summary_large_image","twitter_misc":{"Tiempo de lectura":"5 minutos"},"schema":{"@context":"https:\/\/schema.org","@graph":[{"@type":"WebPage","@id":"https:\/\/naturalfoie.com\/privacy-policy\/","url":"https:\/\/naturalfoie.com\/privacy-policy\/","name":"Pol\u00edtica de privacidad - Natural Foie - Informaci\u00f3n Legal y Normativas","isPartOf":{"@id":"https:\/\/naturalfoie.com\/#website"},"datePublished":"2024-11-11T08:34:03+00:00","dateModified":"2024-11-13T14:15:05+00:00","description":"Descubre c\u00f3mo en Natural Foie protegemos y gestionamos tus datos personales para garantizar tu seguridad y privacidad.","breadcrumb":{"@id":"https:\/\/naturalfoie.com\/privacy-policy\/#breadcrumb"},"inLanguage":"es","potentialAction":[{"@type":"ReadAction","target":["https:\/\/naturalfoie.com\/privacy-policy\/"]}]},{"@type":"BreadcrumbList","@id":"https:\/\/naturalfoie.com\/privacy-policy\/#breadcrumb","itemListElement":[{"@type":"ListItem","position":1,"name":"Portada","item":"https:\/\/naturalfoie.com\/es\/"},{"@type":"ListItem","position":2,"name":"Pol\u00edtica de privacidad"}]},{"@type":"WebSite","@id":"https:\/\/naturalfoie.com\/#website","url":"https:\/\/naturalfoie.com\/","name":"Natural Foie","description":"Plataforma de difusi\u00f3n del foie sin alimentaci\u00f3n forzada. \u00danete a nosotros.","publisher":{"@id":"https:\/\/naturalfoie.com\/#organization"},"potentialAction":[{"@type":"SearchAction","target":{"@type":"EntryPoint","urlTemplate":"https:\/\/naturalfoie.com\/?s={search_term_string}"},"query-input":{"@type":"PropertyValueSpecification","valueRequired":true,"valueName":"search_term_string"}}],"inLanguage":"es"},{"@type":"Organization","@id":"https:\/\/naturalfoie.com\/#organization","name":"Natural Foie","url":"https:\/\/naturalfoie.com\/","logo":{"@type":"ImageObject","inLanguage":"es","@id":"https:\/\/naturalfoie.com\/#\/schema\/logo\/image\/","url":"https:\/\/naturalfoie.com\/wp-content\/uploads\/2024\/11\/logo-natural-foie_NEGRO.jpg","contentUrl":"https:\/\/naturalfoie.com\/wp-content\/uploads\/2024\/11\/logo-natural-foie_NEGRO.jpg","width":1500,"height":232,"caption":"Natural Foie"},"image":{"@id":"https:\/\/naturalfoie.com\/#\/schema\/logo\/image\/"},"sameAs":["https:\/\/www.instagram.com\/natural.foie\/"]}]}},"_links":{"self":[{"href":"https:\/\/naturalfoie.com\/es\/wp-json\/wp\/v2\/pages\/3","targetHints":{"allow":["GET"]}}],"collection":[{"href":"https:\/\/naturalfoie.com\/es\/wp-json\/wp\/v2\/pages"}],"about":[{"href":"https:\/\/naturalfoie.com\/es\/wp-json\/wp\/v2\/types\/page"}],"author":[{"embeddable":true,"href":"https:\/\/naturalfoie.com\/es\/wp-json\/wp\/v2\/users\/3"}],"replies":[{"embeddable":true,"href":"https:\/\/naturalfoie.com\/es\/wp-json\/wp\/v2\/comments?post=3"}],"version-history":[{"count":0,"href":"https:\/\/naturalfoie.com\/es\/wp-json\/wp\/v2\/pages\/3\/revisions"}],"wp:attachment":[{"href":"https:\/\/naturalfoie.com\/es\/wp-json\/wp\/v2\/media?parent=3"}],"curies":[{"name":"wp","href":"https:\/\/api.w.org\/{rel}","templated":true}]}}