{"id":2065,"date":"2019-12-12T15:50:07","date_gmt":"2019-12-12T15:50:07","guid":{"rendered":"http:\/\/okthemes.com\/lucia-vineyards-demo\/?page_id=2065"},"modified":"2024-12-13T12:40:05","modified_gmt":"2024-12-13T11:40:05","slug":"contacto","status":"publish","type":"page","link":"https:\/\/naturalfoie.com\/es\/contacto\/","title":{"rendered":"Contacto Natural Foie"},"content":{"rendered":"<div class=\"wpb-content-wrapper\"><p>[vc_row equal_height=\u00bbyes\u00bb][vc_column offset=\u00bbvc_col-lg-2&#8243;][\/vc_column][vc_column css=\u00bb.vc_custom_1579621427408{padding-top: 10% !important;padding-right: 10% !important;padding-bottom: 10% !important;padding-left: 10% !important;background-color: #2c2c2c !important;}\u00bb offset=\u00bbvc_col-lg-8&#8243;][vc_row_inner][vc_column_inner width=\u00bb1\/3&#8243;]\n\t<div class=\"gg-infobox  text-align-left \" >\n\t\t<div class=\"infobox-title\" >Tel\u00e9fonos de Contacto<\/div>\n\t\t<span class=\"gg-horizontal-line\" ><\/span>\n\t\t<div class=\"infobox-description\" ><p><a href=\"tel:637249242\">+34 637 249 242<\/a><\/p>\n<\/div>\n\t<\/div> [\/vc_column_inner][vc_column_inner width=\u00bb1\/3&#8243;]\n\t<div class=\"gg-infobox  text-align-left vc_custom_1731344201633\" >\n\t\t<div class=\"infobox-title\" >Correo Electr\u00f3nico<\/div>\n\t\t<span class=\"gg-horizontal-line\" ><\/span>\n\t\t<div class=\"infobox-description\" ><p><a href=\"mailto:info@naturalfoie.com\">info@naturalfoie.com<\/a><\/p>\n<\/div>\n\t<\/div> [\/vc_column_inner][vc_column_inner width=\u00bb1\/3&#8243;]\n\t<div class=\"gg-infobox  text-align-left vc_custom_1731344213889\" >\n\t\t<div class=\"infobox-title\" >Redes Sociales<\/div>\n\t\t<span class=\"gg-horizontal-line\" ><\/span>\n\t\t<div class=\"infobox-description\" ><p><a href=\"https:\/\/www.instagram.com\/natural.foie\/\">Instagram<\/a><\/p>\n<\/div>\n\t<\/div> [\/vc_column_inner][\/vc_row_inner]\n\t<div class=\"title-subtitle-box  \" style=\" text-align: left;\">\n\t\t<h2 style=\" font-weight: normal;\" class=\"special-title\" >Consultas Foie de Temporada<\/h2>\n\t<\/div> \n<div class=\"wpcf7 no-js\" id=\"wpcf7-f36-o1\" lang=\"es-ES\" dir=\"ltr\" data-wpcf7-id=\"36\">\n<div class=\"screen-reader-response\"><p role=\"status\" aria-live=\"polite\" aria-atomic=\"true\"><\/p> <ul><\/ul><\/div>\n<form action=\"\/es\/wp-json\/wp\/v2\/pages\/2065#wpcf7-f36-o1\" method=\"post\" class=\"wpcf7-form init\" aria-label=\"Formulario de contacto\" novalidate=\"novalidate\" data-status=\"init\">\n<fieldset class=\"hidden-fields-container\"><input type=\"hidden\" name=\"_wpcf7\" value=\"36\" \/><input type=\"hidden\" name=\"_wpcf7_version\" value=\"6.1.4\" \/><input type=\"hidden\" name=\"_wpcf7_locale\" value=\"es_ES\" \/><input type=\"hidden\" name=\"_wpcf7_unit_tag\" value=\"wpcf7-f36-o1\" \/><input type=\"hidden\" name=\"_wpcf7_container_post\" value=\"0\" \/><input type=\"hidden\" name=\"_wpcf7_posted_data_hash\" value=\"\" \/><input type=\"hidden\" name=\"_wpcf7_recaptcha_response\" value=\"\" \/>\n<\/fieldset>\n<p><label> Nombre (Requerido)<br \/>\n<span class=\"wpcf7-form-control-wrap\" data-name=\"your-name\"><input size=\"40\" maxlength=\"400\" class=\"wpcf7-form-control wpcf7-text wpcf7-validates-as-required\" autocomplete=\"name\" aria-required=\"true\" aria-invalid=\"false\" value=\"\" type=\"text\" name=\"your-name\" \/><\/span> <\/label>\n<\/p>\n<p><label> Correo Electr\u00f3nico (Requerido)<br \/>\n<span class=\"wpcf7-form-control-wrap\" data-name=\"your-email\"><input size=\"40\" maxlength=\"400\" class=\"wpcf7-form-control wpcf7-email wpcf7-validates-as-required wpcf7-text wpcf7-validates-as-email\" autocomplete=\"email\" aria-required=\"true\" aria-invalid=\"false\" value=\"\" type=\"email\" name=\"your-email\" \/><\/span> <\/label>\n<\/p>\n<p><label> Asunto (opcional)<br \/>\n<span class=\"wpcf7-form-control-wrap\" data-name=\"your-subject\"><input size=\"40\" maxlength=\"400\" class=\"wpcf7-form-control wpcf7-text\" aria-invalid=\"false\" value=\"\" type=\"text\" name=\"your-subject\" \/><\/span> <\/label>\n<\/p>\n<p><label> Mensaje (Requerido)<br \/>\n<span class=\"wpcf7-form-control-wrap\" data-name=\"your-message\"><textarea cols=\"40\" rows=\"10\" maxlength=\"2000\" class=\"wpcf7-form-control wpcf7-textarea\" aria-invalid=\"false\" name=\"your-message\"><\/textarea><\/span> <\/label>\n<\/p>\n<p><span class=\"wpcf7-form-control-wrap\" data-name=\"privacy-consent\"><span class=\"wpcf7-form-control wpcf7-acceptance\"><span class=\"wpcf7-list-item\"><label><input type=\"checkbox\" name=\"privacy-consent\" value=\"1\" aria-invalid=\"false\" \/><span class=\"wpcf7-list-item-label\">HE le\u00eddo y acepto la Pol\u00edtica de Privacidad<\/span><\/label><\/span><\/span><\/span>\n<\/p>\n<p><input class=\"wpcf7-form-control wpcf7-submit has-spinner\" type=\"submit\" value=\"Enviar\" \/>\n<\/p><p style=\"display: none !important;\" class=\"akismet-fields-container\" data-prefix=\"_wpcf7_ak_\"><label>&#916;<textarea name=\"_wpcf7_ak_hp_textarea\" cols=\"45\" rows=\"8\" maxlength=\"100\"><\/textarea><\/label><input type=\"hidden\" id=\"ak_js_1\" name=\"_wpcf7_ak_js\" value=\"43\"\/><script>document.getElementById( \"ak_js_1\" ).setAttribute( \"value\", ( new Date() ).getTime() );<\/script><\/p><div class=\"wpcf7-response-output\" aria-hidden=\"true\"><\/div>\n<\/form>\n<\/div>\n[\/vc_column][vc_column offset=\u00bbvc_col-lg-2&#8243;][\/vc_column][\/vc_row][vc_row css=\u00bb.vc_custom_1734089938516{margin-right: 10% !important;margin-left: 10% !important;background-color: #ffffff !important;}\u00bb][vc_column][vc_single_image image=\u00bb4182&#8243; img_size=\u00bbfull\u00bb alignment=\u00bbcenter\u00bb css=\u00bb.vc_custom_1734090001201{padding-top: 15px !important;padding-right: 15px !important;padding-bottom: 15px !important;padding-left: 15px !important;}\u00bb][\/vc_column][\/vc_row]<\/p>\n<\/div>","protected":false},"excerpt":{"rendered":"<p>[vc_row equal_height=\u00bbyes\u00bb][vc_column offset=\u00bbvc_col-lg-2&#8243;][\/vc_column][vc_column css=\u00bb.vc_custom_1579621427408{padding-top: 10% !important;padding-right: 10% !important;padding-bottom: 10% !important;padding-left: 10% !important;background-color: #2c2c2c !important;}\u00bb offset=\u00bbvc_col-lg-8&#8243;][vc_row_inner][vc_column_inner width=\u00bb1\/3&#8243;][\/vc_column_inner][vc_column_inner width=\u00bb1\/3&#8243;][\/vc_column_inner][vc_column_inner width=\u00bb1\/3&#8243;][\/vc_column_inner][\/vc_row_inner][\/vc_column][vc_column offset=\u00bbvc_col-lg-2&#8243;][\/vc_column][\/vc_row][vc_row css=\u00bb.vc_custom_1734089938516{margin-right: 10% !important;margin-left: 10% !important;background-color: #ffffff !important;}\u00bb][vc_column][vc_single_image image=\u00bb4182&#8243; img_size=\u00bbfull\u00bb alignment=\u00bbcenter\u00bb css=\u00bb.vc_custom_1734090001201{padding-top: 15px !important;padding-right: 15px !important;padding-bottom: 15px !important;padding-left: 15px !important;}\u00bb][\/vc_column][\/vc_row]<\/p>\n","protected":false},"author":3,"featured_media":3127,"parent":0,"menu_order":0,"comment_status":"closed","ping_status":"closed","template":"","meta":{"_acf_changed":false,"footnotes":""},"class_list":["post-2065","page","type-page","status-publish","has-post-thumbnail","hentry","has_thumb"],"acf":[],"yoast_head":"<!-- This site is optimized with the Yoast SEO plugin v26.8 - https:\/\/yoast.com\/product\/yoast-seo-wordpress\/ -->\n<title>Foie sin Maltrato Animal | Natural Foie Contacto<\/title>\n<meta name=\"description\" content=\"\u00bfTienes preguntas sobre el Foie naturalmente Graso? Cont\u00e1ctanos en Natural Foie y \u00fanete a nuestro compromiso y respeto\" \/>\n<meta name=\"robots\" content=\"index, follow, max-snippet:-1, max-image-preview:large, max-video-preview:-1\" \/>\n<link rel=\"canonical\" href=\"https:\/\/naturalfoie.com\/contact-natural-foie\/\" \/>\n<meta property=\"og:locale\" content=\"es_ES\" \/>\n<meta property=\"og:type\" content=\"article\" \/>\n<meta property=\"og:title\" content=\"Foie sin Maltrato Animal | Natural Foie Contacto\" \/>\n<meta property=\"og:description\" content=\"\u00bfTienes preguntas sobre el Foie naturalmente Graso? Cont\u00e1ctanos en Natural Foie y \u00fanete a nuestro compromiso y respeto\" \/>\n<meta property=\"og:url\" content=\"https:\/\/naturalfoie.com\/contact-natural-foie\/\" \/>\n<meta property=\"og:site_name\" content=\"Natural Foie\" \/>\n<meta property=\"article:modified_time\" content=\"2024-12-13T11:40:05+00:00\" \/>\n<meta property=\"og:image\" content=\"https:\/\/naturalfoie.com\/wp-content\/uploads\/2020\/01\/contact-header-image.jpg\" \/>\n\t<meta property=\"og:image:width\" content=\"1604\" \/>\n\t<meta property=\"og:image:height\" content=\"715\" \/>\n\t<meta property=\"og:image:type\" content=\"image\/jpeg\" \/>\n<meta name=\"twitter:card\" content=\"summary_large_image\" \/>\n<meta name=\"twitter:label1\" content=\"Tiempo de lectura\" \/>\n\t<meta name=\"twitter:data1\" content=\"1 minuto\" \/>\n<script type=\"application\/ld+json\" class=\"yoast-schema-graph\">{\"@context\":\"https:\/\/schema.org\",\"@graph\":[{\"@type\":\"WebPage\",\"@id\":\"https:\/\/naturalfoie.com\/contact-natural-foie\/\",\"url\":\"https:\/\/naturalfoie.com\/contact-natural-foie\/\",\"name\":\"Foie sin Maltrato Animal | Natural Foie Contacto\",\"isPartOf\":{\"@id\":\"https:\/\/naturalfoie.com\/#website\"},\"primaryImageOfPage\":{\"@id\":\"https:\/\/naturalfoie.com\/contact-natural-foie\/#primaryimage\"},\"image\":{\"@id\":\"https:\/\/naturalfoie.com\/contact-natural-foie\/#primaryimage\"},\"thumbnailUrl\":\"https:\/\/naturalfoie.com\/wp-content\/uploads\/2020\/01\/contact-header-image.jpg\",\"datePublished\":\"2019-12-12T15:50:07+00:00\",\"dateModified\":\"2024-12-13T11:40:05+00:00\",\"description\":\"\u00bfTienes preguntas sobre el Foie naturalmente Graso? Cont\u00e1ctanos en Natural Foie y \u00fanete a nuestro compromiso y respeto\",\"breadcrumb\":{\"@id\":\"https:\/\/naturalfoie.com\/contact-natural-foie\/#breadcrumb\"},\"inLanguage\":\"es\",\"potentialAction\":[{\"@type\":\"ReadAction\",\"target\":[\"https:\/\/naturalfoie.com\/contact-natural-foie\/\"]}]},{\"@type\":\"ImageObject\",\"inLanguage\":\"es\",\"@id\":\"https:\/\/naturalfoie.com\/contact-natural-foie\/#primaryimage\",\"url\":\"https:\/\/naturalfoie.com\/wp-content\/uploads\/2020\/01\/contact-header-image.jpg\",\"contentUrl\":\"https:\/\/naturalfoie.com\/wp-content\/uploads\/2020\/01\/contact-header-image.jpg\",\"width\":1604,\"height\":715},{\"@type\":\"BreadcrumbList\",\"@id\":\"https:\/\/naturalfoie.com\/contact-natural-foie\/#breadcrumb\",\"itemListElement\":[{\"@type\":\"ListItem\",\"position\":1,\"name\":\"Portada\",\"item\":\"https:\/\/naturalfoie.com\/es\/\"},{\"@type\":\"ListItem\",\"position\":2,\"name\":\"Contacto Natural Foie\"}]},{\"@type\":\"WebSite\",\"@id\":\"https:\/\/naturalfoie.com\/#website\",\"url\":\"https:\/\/naturalfoie.com\/\",\"name\":\"Natural Foie\",\"description\":\"Plataforma de difusi\u00f3n del foie sin alimentaci\u00f3n forzada. \u00danete a nosotros.\",\"publisher\":{\"@id\":\"https:\/\/naturalfoie.com\/#organization\"},\"potentialAction\":[{\"@type\":\"SearchAction\",\"target\":{\"@type\":\"EntryPoint\",\"urlTemplate\":\"https:\/\/naturalfoie.com\/?s={search_term_string}\"},\"query-input\":{\"@type\":\"PropertyValueSpecification\",\"valueRequired\":true,\"valueName\":\"search_term_string\"}}],\"inLanguage\":\"es\"},{\"@type\":\"Organization\",\"@id\":\"https:\/\/naturalfoie.com\/#organization\",\"name\":\"Natural Foie\",\"url\":\"https:\/\/naturalfoie.com\/\",\"logo\":{\"@type\":\"ImageObject\",\"inLanguage\":\"es\",\"@id\":\"https:\/\/naturalfoie.com\/#\/schema\/logo\/image\/\",\"url\":\"https:\/\/naturalfoie.com\/wp-content\/uploads\/2024\/11\/logo-natural-foie_NEGRO.jpg\",\"contentUrl\":\"https:\/\/naturalfoie.com\/wp-content\/uploads\/2024\/11\/logo-natural-foie_NEGRO.jpg\",\"width\":1500,\"height\":232,\"caption\":\"Natural Foie\"},\"image\":{\"@id\":\"https:\/\/naturalfoie.com\/#\/schema\/logo\/image\/\"},\"sameAs\":[\"https:\/\/www.instagram.com\/natural.foie\/\"]}]}<\/script>\n<!-- \/ Yoast SEO plugin. -->","yoast_head_json":{"title":"Foie sin Maltrato Animal | Natural Foie Contacto","description":"\u00bfTienes preguntas sobre el Foie naturalmente Graso? Cont\u00e1ctanos en Natural Foie y \u00fanete a nuestro compromiso y respeto","robots":{"index":"index","follow":"follow","max-snippet":"max-snippet:-1","max-image-preview":"max-image-preview:large","max-video-preview":"max-video-preview:-1"},"canonical":"https:\/\/naturalfoie.com\/contact-natural-foie\/","og_locale":"es_ES","og_type":"article","og_title":"Foie sin Maltrato Animal | Natural Foie Contacto","og_description":"\u00bfTienes preguntas sobre el Foie naturalmente Graso? Cont\u00e1ctanos en Natural Foie y \u00fanete a nuestro compromiso y respeto","og_url":"https:\/\/naturalfoie.com\/contact-natural-foie\/","og_site_name":"Natural Foie","article_modified_time":"2024-12-13T11:40:05+00:00","og_image":[{"width":1604,"height":715,"url":"https:\/\/naturalfoie.com\/wp-content\/uploads\/2020\/01\/contact-header-image.jpg","type":"image\/jpeg"}],"twitter_card":"summary_large_image","twitter_misc":{"Tiempo de lectura":"1 minuto"},"schema":{"@context":"https:\/\/schema.org","@graph":[{"@type":"WebPage","@id":"https:\/\/naturalfoie.com\/contact-natural-foie\/","url":"https:\/\/naturalfoie.com\/contact-natural-foie\/","name":"Foie sin Maltrato Animal | Natural Foie Contacto","isPartOf":{"@id":"https:\/\/naturalfoie.com\/#website"},"primaryImageOfPage":{"@id":"https:\/\/naturalfoie.com\/contact-natural-foie\/#primaryimage"},"image":{"@id":"https:\/\/naturalfoie.com\/contact-natural-foie\/#primaryimage"},"thumbnailUrl":"https:\/\/naturalfoie.com\/wp-content\/uploads\/2020\/01\/contact-header-image.jpg","datePublished":"2019-12-12T15:50:07+00:00","dateModified":"2024-12-13T11:40:05+00:00","description":"\u00bfTienes preguntas sobre el Foie naturalmente Graso? Cont\u00e1ctanos en Natural Foie y \u00fanete a nuestro compromiso y respeto","breadcrumb":{"@id":"https:\/\/naturalfoie.com\/contact-natural-foie\/#breadcrumb"},"inLanguage":"es","potentialAction":[{"@type":"ReadAction","target":["https:\/\/naturalfoie.com\/contact-natural-foie\/"]}]},{"@type":"ImageObject","inLanguage":"es","@id":"https:\/\/naturalfoie.com\/contact-natural-foie\/#primaryimage","url":"https:\/\/naturalfoie.com\/wp-content\/uploads\/2020\/01\/contact-header-image.jpg","contentUrl":"https:\/\/naturalfoie.com\/wp-content\/uploads\/2020\/01\/contact-header-image.jpg","width":1604,"height":715},{"@type":"BreadcrumbList","@id":"https:\/\/naturalfoie.com\/contact-natural-foie\/#breadcrumb","itemListElement":[{"@type":"ListItem","position":1,"name":"Portada","item":"https:\/\/naturalfoie.com\/es\/"},{"@type":"ListItem","position":2,"name":"Contacto Natural Foie"}]},{"@type":"WebSite","@id":"https:\/\/naturalfoie.com\/#website","url":"https:\/\/naturalfoie.com\/","name":"Natural Foie","description":"Plataforma de difusi\u00f3n del foie sin alimentaci\u00f3n forzada. \u00danete a nosotros.","publisher":{"@id":"https:\/\/naturalfoie.com\/#organization"},"potentialAction":[{"@type":"SearchAction","target":{"@type":"EntryPoint","urlTemplate":"https:\/\/naturalfoie.com\/?s={search_term_string}"},"query-input":{"@type":"PropertyValueSpecification","valueRequired":true,"valueName":"search_term_string"}}],"inLanguage":"es"},{"@type":"Organization","@id":"https:\/\/naturalfoie.com\/#organization","name":"Natural Foie","url":"https:\/\/naturalfoie.com\/","logo":{"@type":"ImageObject","inLanguage":"es","@id":"https:\/\/naturalfoie.com\/#\/schema\/logo\/image\/","url":"https:\/\/naturalfoie.com\/wp-content\/uploads\/2024\/11\/logo-natural-foie_NEGRO.jpg","contentUrl":"https:\/\/naturalfoie.com\/wp-content\/uploads\/2024\/11\/logo-natural-foie_NEGRO.jpg","width":1500,"height":232,"caption":"Natural Foie"},"image":{"@id":"https:\/\/naturalfoie.com\/#\/schema\/logo\/image\/"},"sameAs":["https:\/\/www.instagram.com\/natural.foie\/"]}]}},"_links":{"self":[{"href":"https:\/\/naturalfoie.com\/es\/wp-json\/wp\/v2\/pages\/2065","targetHints":{"allow":["GET"]}}],"collection":[{"href":"https:\/\/naturalfoie.com\/es\/wp-json\/wp\/v2\/pages"}],"about":[{"href":"https:\/\/naturalfoie.com\/es\/wp-json\/wp\/v2\/types\/page"}],"author":[{"embeddable":true,"href":"https:\/\/naturalfoie.com\/es\/wp-json\/wp\/v2\/users\/3"}],"replies":[{"embeddable":true,"href":"https:\/\/naturalfoie.com\/es\/wp-json\/wp\/v2\/comments?post=2065"}],"version-history":[{"count":0,"href":"https:\/\/naturalfoie.com\/es\/wp-json\/wp\/v2\/pages\/2065\/revisions"}],"wp:featuredmedia":[{"embeddable":true,"href":"https:\/\/naturalfoie.com\/es\/wp-json\/wp\/v2\/media\/3127"}],"wp:attachment":[{"href":"https:\/\/naturalfoie.com\/es\/wp-json\/wp\/v2\/media?parent=2065"}],"curies":[{"name":"wp","href":"https:\/\/api.w.org\/{rel}","templated":true}]}}